{"id":81415,"date":"2023-02-10T17:06:50","date_gmt":"2023-02-10T22:06:50","guid":{"rendered":"https:\/\/naturalsciences.org\/calendar\/?page_id=81415"},"modified":"2024-03-08T11:28:08","modified_gmt":"2024-03-08T16:28:08","slug":"volunteering-a","status":"publish","type":"page","link":"https:\/\/naturalsciences.org\/calendar\/reptile-and-amphibian-days\/volunteering-a\/","title":{"rendered":"Volunteering"},"content":{"rendered":"<p><img decoding=\"async\" class=\"img-responsive\" src=\"https:\/\/naturalsciences.org\/calendar\/wp-content\/uploads\/2022\/03\/NIK_7605_800w.jpg\" alt=\"Volunteer and a young guest at SciTech Expo 2018.\" \/><\/p>\n<h4>Saturday, March 9, 2024<\/h4>\n<blockquote><p>10:00am\u20135:00pm<\/p><\/blockquote>\n<p>Want to be part of Reptile and Amphibian Day? Volunteer with us! Volunteer jobs span logistics (set up, breakdown, meal service, counting visitors, t-shirt sales, etc.), running educational stations and kids\u2019 crafts and activities! It\u2019s loads of fun and you get an in-depth experience of the event! Volunteers who work two or more shifts get free lunch.<\/p>\n<p>Volunteers must be at least 13 years old to volunteer without a parent. Volunteers must be at least 10 years old to volunteer with a parent (please note on form who your parent\/guardian is).<\/p>\n<p>Questions? Contact <a href=\"mailto:kari.wouk@naturalsciences.org\">Kari Wouk<\/a>.<\/p>\n<p><b>Volunteer Form is closed!\u00a0<\/b>Mark your calendars for our next big event, The <a href=\"https:\/\/naturalsciences.org\/calendar\/event\/dueling-dinosaurs-grand-opening\/\">Dueling Dinosaurs Grand Opening<\/a> on April 27th.\u00a0 If you are not already on our volunteer mailing list, email Kari to get added!<\/p>\n<hr \/>\n<div lang=\"es\">\n<p>\u00bfQuieres formar parte de nuestro equipo de Reptile &amp; Amphibian Day? \u00a1Participa como voluntario con nosotros! Existen muchas actividades para nuestros voluntatios, desde la log\u00edstica (ayuda con la colocaci\u00f3n y la recogida de las estaciones, servicio de comidas, conteo de visitantes, venta de camisetas, etc.), hasta participar en estaciones educativas , de manualidades y actividades para ni\u00f1os. \u00a1Una manera muy divertida de conocer a fondo el evento! Los voluntarios que trabajan dos o m\u00e1s turnos reciben almuerzo gratis.Para ser voluntario hay que tener al menos 13 a\u00f1os de edad. Si tienes entre 10 y 13 a\u00f1os, puedes ser voluntario pero deber\u00e1s estar acompa\u00f1ado en todo momento de un adulto (el formulario deber\u00e1 rellenarlo uno de los padres o tutores).<\/p>\n<p>\u00bfTienes preguntas? Ponte en contacto con <a href=\"mailto:kari.wouk@naturalsciences.org\">Kari Wouk<\/a>.<\/p>\n<\/div>\n","protected":false},"excerpt":{"rendered":"<p>Saturday, March 9, 2024 10:00am\u20135:00pm Want to be part of Reptile and Amphibian Day? Volunteer with us! Volunteer jobs span logistics (set up, breakdown, meal service, counting visitors, t-shirt sales, etc.), running educational stations and kids\u2019 crafts and activities! It\u2019s loads of fun and you get an in-depth experience of the event! Volunteers who work&#8230; <a class=\"read-more\" href=\"https:\/\/naturalsciences.org\/calendar\/reptile-and-amphibian-days\/volunteering-a\/\">Read More ><\/a><\/p>\n","protected":false},"author":9,"featured_media":0,"parent":40110,"menu_order":0,"comment_status":"closed","ping_status":"closed","template":"reptile-and-amphibian-days.php","meta":{"_links_to":"","_links_to_target":""},"acf":[],"_links":{"self":[{"href":"https:\/\/naturalsciences.org\/calendar\/wp-json\/wp\/v2\/pages\/81415"}],"collection":[{"href":"https:\/\/naturalsciences.org\/calendar\/wp-json\/wp\/v2\/pages"}],"about":[{"href":"https:\/\/naturalsciences.org\/calendar\/wp-json\/wp\/v2\/types\/page"}],"author":[{"embeddable":true,"href":"https:\/\/naturalsciences.org\/calendar\/wp-json\/wp\/v2\/users\/9"}],"replies":[{"embeddable":true,"href":"https:\/\/naturalsciences.org\/calendar\/wp-json\/wp\/v2\/comments?post=81415"}],"version-history":[{"count":0,"href":"https:\/\/naturalsciences.org\/calendar\/wp-json\/wp\/v2\/pages\/81415\/revisions"}],"up":[{"embeddable":true,"href":"https:\/\/naturalsciences.org\/calendar\/wp-json\/wp\/v2\/pages\/40110"}],"wp:attachment":[{"href":"https:\/\/naturalsciences.org\/calendar\/wp-json\/wp\/v2\/media?parent=81415"}],"curies":[{"name":"wp","href":"https:\/\/api.w.org\/{rel}","templated":true}]}}