{"id":81407,"date":"2023-02-10T17:05:41","date_gmt":"2023-02-10T22:05:41","guid":{"rendered":"https:\/\/naturalsciences.org\/calendar\/?page_id=81407"},"modified":"2024-02-13T13:07:04","modified_gmt":"2024-02-13T18:07:04","slug":"getting-here-and-parking-a","status":"publish","type":"page","link":"https:\/\/naturalsciences.org\/calendar\/reptile-and-amphibian-days\/getting-here-and-parking-a\/","title":{"rendered":"Getting Here and Parking"},"content":{"rendered":"<p>Reptile and Amphibian Day is an indoor festival located in and around the NC Museum of Natural Sciences in Raleigh.<\/p>\n<p>Parking is available in six different lots nearby. Free street parking is also available throughout downtown the day of the event.<\/p>\n<p><strong><a href=\"#spanish\"> Informaci\u00f3n en espa\u00f1ol <\/a><\/strong><\/p>\n<p><a href=\"#transport\">Alternative transportation options<\/a><\/p>\n<h3>Parking Map<\/h3>\n<p><img decoding=\"async\" class=\"img-responsive\" src=\"https:\/\/naturalsciences.org\/calendar\/wp-content\/uploads\/2018\/03\/Parkingmap_event-1.jpg\" alt=\"Event parking map\" \/><\/p>\n<h3 id=\"transport\">Don\u2019t let parking make you squirm: take the bus to Reptile and Amphibian Day!<\/h3>\n<p>Since this event draws more than 16,000 people each year we encourage visitors to consider alternative transit options.<\/p>\n<p><a href=\"http:\/\/goraleigh.org\/\"><strong>GoRaleigh<\/strong><\/a><\/p>\n<p><a href=\"http:\/\/www.gotriangle.org\/\" target=\"_blank\" rel=\"noopener noreferrer\"><strong>GoTriangle<\/strong><\/a><\/p>\n<h3>Other Transportation Options<\/h3>\n<p>For other alternative transportation options to and within Raleigh, including Amtrak trains and bicycle rickshaw companies, see <a href=\"http:\/\/www.godowntownraleigh.com\/get-around\/transportation\" target=\"_blank\" rel=\"noopener noreferrer\">godowntownraleigh.com<\/a>.<\/p>\n<p>&nbsp;<\/p>\n<hr \/>\n<div id=\"spanish\">\n<div lang=\"es\">\n<h3>LLEGANDO Y ESTACIONAMIENTO<\/h3>\n<p>El D\u00eda de los Reptiles y Anfibios es un festival ubicado dentro y alrededor del Museo de Ciencias Naturales de Carolina del Norte, en Raleigh. Hay estacionamiento disponible en seis lotes cercanos. Tambi\u00e9n habr\u00e1 estacionamiento gratuito en la calle en todo el centro el d\u00eda del evento.<\/p>\n<p>Dado que este evento atrae miles de personas cada a\u00f1o, animamos a los visitantes a considerar opciones de transporte alternativas, como los autobuses de GoRaleigh y GoTriangle, que ser\u00e1n gratuitos hasta el fin de junio de 2024.<\/p>\n<\/div>\n<\/div>\n","protected":false},"excerpt":{"rendered":"<p>Reptile and Amphibian Day is an indoor festival located in and around the NC Museum of Natural Sciences in Raleigh. Parking is available in six different lots nearby. Free street parking is also available throughout downtown the day of the event. Informaci\u00f3n en espa\u00f1ol Alternative transportation options Parking Map Don\u2019t let parking make you squirm:&#8230; <a class=\"read-more\" href=\"https:\/\/naturalsciences.org\/calendar\/reptile-and-amphibian-days\/getting-here-and-parking-a\/\">Read More ><\/a><\/p>\n","protected":false},"author":9,"featured_media":0,"parent":40110,"menu_order":0,"comment_status":"closed","ping_status":"closed","template":"reptile-and-amphibian-days.php","meta":{"_links_to":"","_links_to_target":""},"acf":[],"_links":{"self":[{"href":"https:\/\/naturalsciences.org\/calendar\/wp-json\/wp\/v2\/pages\/81407"}],"collection":[{"href":"https:\/\/naturalsciences.org\/calendar\/wp-json\/wp\/v2\/pages"}],"about":[{"href":"https:\/\/naturalsciences.org\/calendar\/wp-json\/wp\/v2\/types\/page"}],"author":[{"embeddable":true,"href":"https:\/\/naturalsciences.org\/calendar\/wp-json\/wp\/v2\/users\/9"}],"replies":[{"embeddable":true,"href":"https:\/\/naturalsciences.org\/calendar\/wp-json\/wp\/v2\/comments?post=81407"}],"version-history":[{"count":0,"href":"https:\/\/naturalsciences.org\/calendar\/wp-json\/wp\/v2\/pages\/81407\/revisions"}],"up":[{"embeddable":true,"href":"https:\/\/naturalsciences.org\/calendar\/wp-json\/wp\/v2\/pages\/40110"}],"wp:attachment":[{"href":"https:\/\/naturalsciences.org\/calendar\/wp-json\/wp\/v2\/media?parent=81407"}],"curies":[{"name":"wp","href":"https:\/\/api.w.org\/{rel}","templated":true}]}}