{"id":64316,"date":"2021-08-13T14:59:30","date_gmt":"2021-08-13T18:59:30","guid":{"rendered":"https:\/\/naturalsciences.org\/calendar\/?page_id=64316"},"modified":"2021-08-17T15:10:33","modified_gmt":"2021-08-17T19:10:33","slug":"moth-party","status":"publish","type":"page","link":"https:\/\/naturalsciences.org\/calendar\/bugfest\/moth-party\/","title":{"rendered":"Moth Party"},"content":{"rendered":"<p><img decoding=\"async\" class=\"img-responsive\" src=\"https:\/\/naturalsciences.org\/calendar\/wp-content\/uploads\/2021\/08\/NIK_0811-Edit_800.jpg\" alt=\"Underwing moth\" \/><\/p>\n<p>You are invited to Prairie Ridge for a Moth Party on Saturday night, September 18, from 8:30pm to 10:30pm!\u00a0 This family-friendly event will close out our week of BugFest activities.\u00a0 Hang out at our lights where we&#8217;ll hang up sheets to check out who comes to visit!\u00a0 Experts will be on hand for identification and to answer any questions you have about our nocturnal arthropod friends.\u00a0 Bring a flashlight and join staff for night hikes through the prairie. There will even be some fun educational tables!\u00a0 Join us as as we say goodnight to BugFest: Plan Bee!<\/p>\n<p><a href=\"https:\/\/naturalsciences.org\/calendar\/event\/moth-party\/\"><strong>More information<\/strong><\/a><\/p>\n<div>\n<p>&nbsp;<\/p>\n<hr \/>\n<p><strong>Fiesta de la polilla<\/strong><\/p>\n<p>\u00a1Est\u00e1s formalmente invitado a nuestra Fiesta de la Polilla en el Prairie Ridge Ecostation el S\u00e1bado 18 de Septiembre, de 8:30pm a 10:30pm!<br \/>\nEste evento para toda la familia servir\u00e1 como broche de oro para nuestro BugFest 2021 tras una semana llena de actividades.<br \/>\nAc\u00e9rcate a nuestras diferentes estaciones de luz para descubrir qui\u00e9n viene a visitarnos por la noche. Expertos en entomolog\u00eda estar\u00e1n disponibles para ayudar a identificar y responder a cualquier pregunta sobre nuestros amigos los artr\u00f3podos nocturnos.<br \/>\nTrae una linterna y \u00fanete a nuestros grupos para un paseo nocturno por la pradera para descubrir a esos animales que encuentran activos al caer la luz del d\u00eda.<br \/>\n\u00a1Tambi\u00e9n tendremos algunas mesas educativas con actividades para aprender de manera divertida y entretenida!<br \/>\nAcomp\u00e1\u00f1anos mientras despedimos nuestro BugFest 2021: Plan Bee<\/p>\n<p>Nota importante: Las estaciones y tours durante este evento son en ingl\u00e9s.<\/p>\n<\/div>\n","protected":false},"excerpt":{"rendered":"<p>You are invited to Prairie Ridge for a Moth Party on Saturday night, September 18, from 8:30pm to 10:30pm!\u00a0 This family-friendly event will close out our week of BugFest activities.\u00a0 Hang out at our lights where we&#8217;ll hang up sheets to check out who comes to visit!\u00a0 Experts will be on hand for identification and&#8230; <a class=\"read-more\" href=\"https:\/\/naturalsciences.org\/calendar\/bugfest\/moth-party\/\">Read More ><\/a><\/p>\n","protected":false},"author":8,"featured_media":0,"parent":20347,"menu_order":0,"comment_status":"closed","ping_status":"closed","template":"bugfest.php","meta":{"_links_to":"","_links_to_target":""},"acf":[],"_links":{"self":[{"href":"https:\/\/naturalsciences.org\/calendar\/wp-json\/wp\/v2\/pages\/64316"}],"collection":[{"href":"https:\/\/naturalsciences.org\/calendar\/wp-json\/wp\/v2\/pages"}],"about":[{"href":"https:\/\/naturalsciences.org\/calendar\/wp-json\/wp\/v2\/types\/page"}],"author":[{"embeddable":true,"href":"https:\/\/naturalsciences.org\/calendar\/wp-json\/wp\/v2\/users\/8"}],"replies":[{"embeddable":true,"href":"https:\/\/naturalsciences.org\/calendar\/wp-json\/wp\/v2\/comments?post=64316"}],"version-history":[{"count":0,"href":"https:\/\/naturalsciences.org\/calendar\/wp-json\/wp\/v2\/pages\/64316\/revisions"}],"up":[{"embeddable":true,"href":"https:\/\/naturalsciences.org\/calendar\/wp-json\/wp\/v2\/pages\/20347"}],"wp:attachment":[{"href":"https:\/\/naturalsciences.org\/calendar\/wp-json\/wp\/v2\/media?parent=64316"}],"curies":[{"name":"wp","href":"https:\/\/api.w.org\/{rel}","templated":true}]}}