{"id":57544,"date":"2020-10-22T17:43:52","date_gmt":"2020-10-22T21:43:52","guid":{"rendered":"https:\/\/naturalsciences.org\/calendar\/?page_id=57544"},"modified":"2022-11-09T11:40:24","modified_gmt":"2022-11-09T16:40:24","slug":"darwin-days","status":"publish","type":"page","link":"https:\/\/naturalsciences.org\/calendar\/darwin-days\/","title":{"rendered":"Darwin Day"},"content":{"rendered":"<p><img decoding=\"async\" class=\"img-responsive\" src=\"https:\/\/naturalsciences.org\/calendar\/wp-content\/uploads\/2022\/11\/DarwinDay_2022_DigtalAssets_1600x900-1024x576.jpg\" alt=\"Darwin Day header graphic\" \/><\/p>\n<h3>Saturday, November 12, 10am\u20135pm<\/h3>\n<p>Join us at the largest event of its kind in the country! Spend the day learning about Darwin and what his theories of natural selection have done for the world of science, research and education. Meet some of the scientists who are continuing his work, and learn how Darwin&#8217;s (and others&#8217;) theories are being applied in cutting-edge research.\u00a0 Come down for a day of science, activities and crafts!<\/p>\n<p>This year\u2019s theme is <strong>FUNGI!<\/strong><\/p>\n<hr class=\"cleardiv\" \/>\n<p><a href=\"https:\/\/naturalsciences.org\/calendar\/wp-content\/uploads\/2022\/11\/Darwin-Day-2022-Map-for-Distribution2.pdf\" target=\"_blank\" rel=\"noopener\">Event map<\/a><\/p>\n<hr \/>\n<p><span lang=\"es\">\u00a1Ven a celebrar con nosotros el evento m\u00e1s grande de su tipo en todo el pa\u00eds! Pasa el d\u00eda aprendiendo sobre Darwin y lo que sus teor\u00edas de la selecci\u00f3n natural han hecho por el mundo de la ciencia, la investigaci\u00f3n y la educaci\u00f3n. Conoce a algunos de los cient\u00edficos que contin\u00faan su trabajo y aprende c\u00f3mo las teor\u00edas de Darwin (y otras) se est\u00e1n aplicando en la investigaci\u00f3n de vanguardia. \u00a1Ven a un d\u00eda de ciencia, actividades y manualidades!<\/span><\/p>\n<p><span lang=\"es\">\u00a1El tema de este a\u00f1o es el reino <strong>FUNGI<\/strong>!<\/span><\/p>\n<hr \/>\n<h4>THANK YOU TO OUR SPONSORS \/ <span lang=\"es\">GRACIAS A NUESTROS PATROCINADORES:<\/span><\/h4>\n<p>HMS Beagle Sponsor:<\/p>\n<p><img decoding=\"async\" loading=\"lazy\" class=\"alignnone wp-image-57953 size-medium\" src=\"https:\/\/naturalsciences.org\/calendar\/wp-content\/uploads\/2020\/11\/AnonymousDonorDarwinLogo-300x172.jpg\" alt=\"Anonymous Donor Logo with Darwin\" width=\"300\" height=\"172\" srcset=\"https:\/\/naturalsciences.org\/calendar\/wp-content\/uploads\/2020\/11\/AnonymousDonorDarwinLogo-300x172.jpg 300w, https:\/\/naturalsciences.org\/calendar\/wp-content\/uploads\/2020\/11\/AnonymousDonorDarwinLogo-500x287.jpg 500w, https:\/\/naturalsciences.org\/calendar\/wp-content\/uploads\/2020\/11\/AnonymousDonorDarwinLogo-768x440.jpg 768w, https:\/\/naturalsciences.org\/calendar\/wp-content\/uploads\/2020\/11\/AnonymousDonorDarwinLogo.jpg 790w\" sizes=\"(max-width: 300px) 100vw, 300px\" \/><\/p>\n<hr class=\"cleardiv\" \/>\n<p><img decoding=\"async\" loading=\"lazy\" class=\"alignnone size-full wp-image-75477\" src=\"https:\/\/naturalsciences.org\/calendar\/wp-content\/uploads\/2022\/07\/20201013_151339_800w.jpg\" alt=\"Group of fungi on a log\" width=\"800\" height=\"600\" srcset=\"https:\/\/naturalsciences.org\/calendar\/wp-content\/uploads\/2022\/07\/20201013_151339_800w.jpg 800w, https:\/\/naturalsciences.org\/calendar\/wp-content\/uploads\/2022\/07\/20201013_151339_800w-300x225.jpg 300w, https:\/\/naturalsciences.org\/calendar\/wp-content\/uploads\/2022\/07\/20201013_151339_800w-500x375.jpg 500w, https:\/\/naturalsciences.org\/calendar\/wp-content\/uploads\/2022\/07\/20201013_151339_800w-768x576.jpg 768w\" sizes=\"(max-width: 800px) 100vw, 800px\" \/><span style=\"font-size: 12px;\">Group of fungi on a log. Photo: Jerry Reynolds.<\/span><\/p>\n","protected":false},"excerpt":{"rendered":"<p>Saturday, November 12, 10am\u20135pm Join us at the largest event of its kind in the country! Spend the day learning about Darwin and what his theories of natural selection have done for the world of science, research and education. Meet some of the scientists who are continuing his work, and learn how Darwin&#8217;s (and others&#8217;)&#8230; <a class=\"read-more\" href=\"https:\/\/naturalsciences.org\/calendar\/darwin-days\/\">Read More ><\/a><\/p>\n","protected":false},"author":1,"featured_media":0,"parent":0,"menu_order":0,"comment_status":"closed","ping_status":"closed","template":"darwin-days.php","meta":{"_links_to":"","_links_to_target":""},"acf":[],"_links":{"self":[{"href":"https:\/\/naturalsciences.org\/calendar\/wp-json\/wp\/v2\/pages\/57544"}],"collection":[{"href":"https:\/\/naturalsciences.org\/calendar\/wp-json\/wp\/v2\/pages"}],"about":[{"href":"https:\/\/naturalsciences.org\/calendar\/wp-json\/wp\/v2\/types\/page"}],"author":[{"embeddable":true,"href":"https:\/\/naturalsciences.org\/calendar\/wp-json\/wp\/v2\/users\/1"}],"replies":[{"embeddable":true,"href":"https:\/\/naturalsciences.org\/calendar\/wp-json\/wp\/v2\/comments?post=57544"}],"version-history":[{"count":0,"href":"https:\/\/naturalsciences.org\/calendar\/wp-json\/wp\/v2\/pages\/57544\/revisions"}],"wp:attachment":[{"href":"https:\/\/naturalsciences.org\/calendar\/wp-json\/wp\/v2\/media?parent=57544"}],"curies":[{"name":"wp","href":"https:\/\/api.w.org\/{rel}","templated":true}]}}