{"id":57085,"date":"2020-09-25T14:34:45","date_gmt":"2020-09-25T18:34:45","guid":{"rendered":"https:\/\/naturalsciences.org\/calendar\/?page_id=57085"},"modified":"2020-11-17T12:00:25","modified_gmt":"2020-11-17T17:00:25","slug":"virtual-exhibitors","status":"publish","type":"page","link":"https:\/\/naturalsciences.org\/calendar\/virtual-exhibitors\/","title":{"rendered":"Virtual Exhibitors"},"content":{"rendered":"<h2 id=\"top\">At the STEM Career Showcase for Students With Disabilities<\/h2>\n<p><a href=\"#ablr\"><strong>Ablr<\/strong><\/a> <strong>| <a href=\"#arts\">Arts Access<\/a> | <a href=\"#catalyst\">Catalyst<\/a> | <a href=\"#able\">NC <abbr title=\"Achieving a Better Life Experience\">ABLE<\/abbr><\/a> | <a href=\"#dsdhh\">NC <abbr title=\"Division of Services for the Deaf and Hard of Hearing\">DSDHH<\/abbr><\/a> | <a href=\"#dvrs\">NC <abbr title=\"Division of Vocational Rehabilitation Services\">DVRS<\/abbr><\/a> | <a href=\"#teen\">NCMNS Teen Programs<\/a> | <a href=\"#bit\"><abbr title=\"North Carolina State University\">NCSU<\/abbr> <abbr title=\"Biotechnology Program\">BIT<\/abbr><\/a> | <a href=\"#sas\">SAS CodeSnaps<\/a> | <a href=\"#state\">State of North Carolina<\/a><\/strong><\/p>\n<hr id=\"ablr\" \/>\n<h3>Ablr<\/h3>\n<p><img decoding=\"async\" loading=\"lazy\" class=\"alignnone size-full wp-image-57994\" src=\"https:\/\/naturalsciences.org\/calendar\/wp-content\/uploads\/2020\/11\/AblrMediaKit_Oct-2020_800.jpg\" alt=\"Ablr staff photo\" width=\"800\" height=\"545\" srcset=\"https:\/\/naturalsciences.org\/calendar\/wp-content\/uploads\/2020\/11\/AblrMediaKit_Oct-2020_800.jpg 800w, https:\/\/naturalsciences.org\/calendar\/wp-content\/uploads\/2020\/11\/AblrMediaKit_Oct-2020_800-300x204.jpg 300w, https:\/\/naturalsciences.org\/calendar\/wp-content\/uploads\/2020\/11\/AblrMediaKit_Oct-2020_800-500x341.jpg 500w, https:\/\/naturalsciences.org\/calendar\/wp-content\/uploads\/2020\/11\/AblrMediaKit_Oct-2020_800-768x523.jpg 768w\" sizes=\"(max-width: 800px) 100vw, 800px\" \/><\/p>\n<p>Ablr is a Digital Accessibility and Inclusion company that was founded on the key principle that all digital content, including websites, videos, applications, are accessible for everyone, no exception. Ablr offers the optimal blend of technology + humanity. And it truly requires this combination in order to meet 100% compliance. Our team of analysts ensure content and digital assets adhere to the federal requirements of ADA, Section 508 and WCAG. In addition to confirming compliance, our testers who have disabilities can ensure digital content is actually usable for people with disabilities. Learn more about us at <a href=\"http:\/\/www.Ablr360.com\" target=\"_blank\" rel=\"noopener noreferrer\"><strong>www.Ablr360.com<\/strong><\/a>.<\/p>\n<p><a href=\"#top\">Top of page<\/a><\/p>\n<hr id=\"arts\" \/>\n<h3>Arts Access<\/h3>\n<div style=\"margin-top: 5px; padding-bottom: 15px; padding-left: 15px; float: right; display: block;\"><img decoding=\"async\" loading=\"lazy\" src=\"https:\/\/naturalsciences.org\/calendar\/wp-content\/uploads\/2020\/10\/Arts_Access_Logo_Final-copy_275.jpg\" alt=\"Arts Access logo\" width=\"275\" height=\"109\" \/><\/div>\n<p>Arts Access works to make the arts accessible to people with disabilities. They share information about accessible events such as sensory friendly programs, ASL tours, audio described or tactile touch tours, events related to arts education and advocacy, calls for art and performance opportunities and finding and accessing inclusive programs. <strong><a href=\"https:\/\/artsaccessinc.org\/get-involved\/mailing-list\/\" target=\"_blank\" rel=\"noopener noreferrer\">Sign up for the Arts Access newsletter here<\/a><\/strong>\u00a0 or visit the <a href=\"https:\/\/artsaccessinc.org\/\" target=\"_blank\" rel=\"noopener noreferrer\"><strong>Arts Access website<\/strong><\/a>.<\/p>\n<p><a href=\"#top\">Top of page<\/a><\/p>\n<hr id=\"catalyst\" class=\"cleardiv\" \/>\n<h3>Catalyst<\/h3>\n<p><img decoding=\"async\" loading=\"lazy\" class=\"alignnone size-full wp-image-58010\" src=\"https:\/\/naturalsciences.org\/calendar\/wp-content\/uploads\/2020\/11\/catalyst_640.jpg\" alt=\"Governor Cooper with Catalyst staff and participants.\" width=\"640\" height=\"299\" srcset=\"https:\/\/naturalsciences.org\/calendar\/wp-content\/uploads\/2020\/11\/catalyst_640.jpg 640w, https:\/\/naturalsciences.org\/calendar\/wp-content\/uploads\/2020\/11\/catalyst_640-300x140.jpg 300w, https:\/\/naturalsciences.org\/calendar\/wp-content\/uploads\/2020\/11\/catalyst_640-500x234.jpg 500w\" sizes=\"(max-width: 640px) 100vw, 640px\" \/><\/p>\n<p><a href=\"https:\/\/sciencehouse.ncsu.edu\/studentprograms\/upcomingstudentprograms\/catalyst\/\" target=\"_blank\" rel=\"noopener noreferrer\"><strong>Catalyst<\/strong><\/a> is a high school program designed to create STEM opportunities for students with disabilities. Students learn STEM content and skills through hands-on labs and research, participate in STEM field trips, mentoring opportunities, and paid internships, improve workforce readiness and soft skills, and explore STEM educational pathways and careers. Catalyst also provides students job exploration counseling, workplace readiness training, work-based learning experiences, counseling on postsecondary options, and development in self-advocacy.<\/p>\n<p><a href=\"#top\">Top of page<\/a><\/p>\n<hr id=\"able\" \/>\n<h3>NC ABLE<\/h3>\n<p><img decoding=\"async\" loading=\"lazy\" class=\"alignnone size-full wp-image-57513\" src=\"https:\/\/naturalsciences.org\/calendar\/wp-content\/uploads\/2020\/10\/NC-ABLE-Virtual-Fair-Top-Image.jpg\" alt=\"NC ABLE logo with the words Achieve a Better Life Experience; save money without impacting SSI and other public supports; be able with NC ABLE.\" width=\"629\" height=\"406\" srcset=\"https:\/\/naturalsciences.org\/calendar\/wp-content\/uploads\/2020\/10\/NC-ABLE-Virtual-Fair-Top-Image.jpg 629w, https:\/\/naturalsciences.org\/calendar\/wp-content\/uploads\/2020\/10\/NC-ABLE-Virtual-Fair-Top-Image-300x194.jpg 300w, https:\/\/naturalsciences.org\/calendar\/wp-content\/uploads\/2020\/10\/NC-ABLE-Virtual-Fair-Top-Image-500x323.jpg 500w\" sizes=\"(max-width: 629px) 100vw, 629px\" \/><\/p>\n<p>NC Achieving a Better Life Experience (NC ABLE) is a savings tool designed to help people of all ages who had a disability occur prior to the age of 26. Launched in 2017, eligible individuals can save money without impacting SSI, Medicaid or other public supports. Funds can be used for a variety of qualified disability expenses now or in the future, such as:<\/p>\n<ul class=\"bullet-list\">\n<li>Education<\/li>\n<li>Transportation<\/li>\n<li>Housing<\/li>\n<li>Health and Wellness<\/li>\n<li>Financial Management<\/li>\n<li>Legal Fees<\/li>\n<li>Assistive Technology<\/li>\n<li>and more<\/li>\n<\/ul>\n<p>NC ABLE accounts can be opened by an eligible individual, who is the account owner, or by a parent, guardian or person acting under a power of attorney. Accounts can be funded through a variety of sources, including gifts, transfers from a 529 college savings account or from a paycheck.<br \/>\nOverseen by the Department of State Treasurer, 97% of respondents to a recent survey would recommend the NC ABLE Program to others. It\u2019s an opportunity to save for the future and spend for today\u2019s qualified expenses.<br \/>\nVisit <strong><a href=\"https:\/\/www.nctreasurer.com\/divisions\/nc-able\" target=\"_blank\" rel=\"noopener noreferrer\">https:\/\/www.nctreasurer.com\/divisions\/nc-able<\/a><\/strong> to open an account and discover more about NC ABLE.<\/p>\n<p><a href=\"#top\">Top of page<\/a><\/p>\n<hr id=\"dsdhh\" class=\"cleardiv\" \/>\n<h3>NC Division of Services for the Deaf and Hard of Hearing (DSDHH)<\/h3>\n<p><img decoding=\"async\" loading=\"lazy\" class=\"alignnone size-full wp-image-57776\" src=\"https:\/\/naturalsciences.org\/calendar\/wp-content\/uploads\/2020\/11\/DSDHH_640.jpg\" alt=\"Division of of Services for the Deaf and Hard of Hearing (DSDHH)\" width=\"640\" height=\"351\" srcset=\"https:\/\/naturalsciences.org\/calendar\/wp-content\/uploads\/2020\/11\/DSDHH_640.jpg 640w, https:\/\/naturalsciences.org\/calendar\/wp-content\/uploads\/2020\/11\/DSDHH_640-300x165.jpg 300w, https:\/\/naturalsciences.org\/calendar\/wp-content\/uploads\/2020\/11\/DSDHH_640-500x274.jpg 500w\" sizes=\"(max-width: 640px) 100vw, 640px\" \/><\/p>\n<p>The <a href=\"https:\/\/www.ncdhhs.gov\/divisions\/dsdhh\" target=\"_blank\" rel=\"noopener noreferrer\"><strong>Division of Services for the Deaf and Hard of Hearing<\/strong><\/a> works to ensure that all Deaf, Hard of Hearing, or Deaf-Blind North Carolinians have the ability to communicate their needs and to receive information easily and effectively in all aspects of their lives, especially their health and well-being.<\/p>\n<p><strong>Phone:<\/strong> 919.527.9630<br \/>\n<strong>Fax:<\/strong> 919.715.0962<\/p>\n<p><strong>Raleigh Regional Center<\/strong><br \/>\n4900 Waters Edge Drive<br \/>\nRaleigh, NC 27606<\/p>\n<h4>DSDHH provides the services:<\/h4>\n<p><strong>Helping you communicate<\/strong><\/p>\n<ul>\n<li>Hearing Aid Resources<\/li>\n<li>American Sign Language (ASL) Interpreting Resources<\/li>\n<li>Assistive Technology Demos and Assistive Listening Device Access<\/li>\n<li>Hearing Screening<\/li>\n<li>ASL Assessment and Support<\/li>\n<\/ul>\n<p><strong>Helping you collaborate<\/strong><\/p>\n<ul>\n<li>Advocacy<\/li>\n<li>Education and Awareness<\/li>\n<li>Emergency Preparedness<\/li>\n<li>ASL Interpreter Learning Opportunities<\/li>\n<li>Community Resource Referrals<\/li>\n<\/ul>\n<p><strong>Helping you connect<\/strong><\/p>\n<ul>\n<li>Equipment Distribution Services (EDS) \u2013 Hearing Aid, Amplified Phones, Alerting Devices, Mobile Bluetooth\/Amplified<\/li>\n<li>National DeafBlind Equipment Distribution Program (NDBEDP) \u2013 CTV, ZoomText, Large Virtual Screen for desktop, etc.<\/li>\n<li>Community Events<\/li>\n<li>Video Relay Resources<\/li>\n<\/ul>\n<p><a href=\"#top\">Top of page<\/a><\/p>\n<hr id=\"dvrs\" class=\"cleardiv\" \/>\n<h3>NC Division of Vocational Rehabilitation Services (DVRS)<\/h3>\n<p><img decoding=\"async\" loading=\"lazy\" class=\"alignnone size-full wp-image-58061\" src=\"https:\/\/naturalsciences.org\/calendar\/wp-content\/uploads\/2020\/11\/NCDVRS_PromoImage.png\" alt=\"Skills. Experience. Options. www.ncdhhs.gov\/dvrs\" width=\"625\" height=\"276\" srcset=\"https:\/\/naturalsciences.org\/calendar\/wp-content\/uploads\/2020\/11\/NCDVRS_PromoImage.png 625w, https:\/\/naturalsciences.org\/calendar\/wp-content\/uploads\/2020\/11\/NCDVRS_PromoImage-300x132.png 300w, https:\/\/naturalsciences.org\/calendar\/wp-content\/uploads\/2020\/11\/NCDVRS_PromoImage-500x221.png 500w\" sizes=\"(max-width: 625px) 100vw, 625px\" \/><\/p>\n<p>The Division of Vocational Rehabilitation Services (DVRS or VR) partners with students, youth, families, schools and community organizations to provide services that promote successful transitions from school to work and adult life. For more information, find an office near you: <a href=\"https:\/\/www.ncdhhs.gov\/divisions\/dvrs\/vr-local-offices\" target=\"_blank\" rel=\"noopener noreferrer\">VR Local Office Listing<\/a><\/p>\n<p><strong>Pre-Employment Transition Services (Pre-ETS)<\/strong><\/p>\n<p>Students with documented disabilities can begin receiving Pre-ETS at age 14 based on a request from the student, school, parent, guardian or another service provider. DVRS partners with students with disabilities to give them early start at career exploration and preparation for adult life.<\/p>\n<p>Pre-ETS activities allow students to explore career interests, use the workplace to gain knowledge and skills, develop social and independent living skills, learn about education and training options for after high school and learn how to effectively communicate their needs and interests.<\/p>\n<p><strong>VR Transition Services<\/strong><\/p>\n<p>DVRS collaborates with the public and private sectors to provide and advocate for the highest quality services that empower youth with disabilities to maximize their employment, independence and full inclusion into society.<\/p>\n<p>If eligible for VR transition services, a DVRS counselor will work with you, your family and your school to develop an employment plan. This plan will include steps to help you achieve employment that is meaningful to you and that leads to a successful career.<\/p>\n<p>To learn more, check out this flyer on our website: <a href=\"https:\/\/files.nc.gov\/ncdhhs\/documents\/files\/VRYSS_Skills.Experience.Options.%282018%29.indd_.pdf\" target=\"_blank\" rel=\"noopener noreferrer\">Skills. Experiences. Options.<\/a><\/p>\n<p lang=\"es\">Para informaci\u00f3n y referido a una oficina VR cerca de t\u00ed, llama al 1.800.215.7227 or ve a la p\u00e1gina web: <a href=\"https:\/\/files.nc.gov\/ncdhhs\/documents\/files\/VRYSS_Destrezas.Experiencias.Opciones%282018%29.pdf\" target=\"_blank\" rel=\"noopener noreferrer\">Destrezas. Experiencias. Opciones.<\/a><\/p>\n<p lang=\"es\"><a href=\"#top\">Top of page<\/a><\/p>\n<hr id=\"teen\" class=\"cleardiv\" \/>\n<h3>NC Museum of Natural Sciences&#8217; Teen Programs<br \/>\n<img decoding=\"async\" loading=\"lazy\" class=\"alignnone size-full wp-image-57257\" src=\"https:\/\/naturalsciences.org\/calendar\/wp-content\/uploads\/2020\/10\/junior_volunteers_-teen-programs-Edit-Edit_edited_nik.jpg\" alt=\"Two teenagers volunteering at a Museum table.\" width=\"629\" height=\"406\" srcset=\"https:\/\/naturalsciences.org\/calendar\/wp-content\/uploads\/2020\/10\/junior_volunteers_-teen-programs-Edit-Edit_edited_nik.jpg 629w, https:\/\/naturalsciences.org\/calendar\/wp-content\/uploads\/2020\/10\/junior_volunteers_-teen-programs-Edit-Edit_edited_nik-300x194.jpg 300w, https:\/\/naturalsciences.org\/calendar\/wp-content\/uploads\/2020\/10\/junior_volunteers_-teen-programs-Edit-Edit_edited_nik-500x323.jpg 500w\" sizes=\"(max-width: 629px) 100vw, 629px\" \/><\/h3>\n<p>Check out the Museum&#8217;s programs and presentations that connect middle and high school students with professionals in a variety of science fields. Explore the full list of programs and presentations at\u00a0<a href=\"https:\/\/naturalsciences.org\/learn\/teens\"><strong>https:\/\/naturalsciences.org\/learn\/teens<\/strong>.<\/a><\/p>\n<ul class=\"bullet-list\">\n<li>Are you a middle school student interested in learning more about science careers? Check out our <strong><a href=\"https:\/\/naturalsciences.org\/learn\/girls-in-science-future-focus\">Girls in Science<\/a><\/strong> program.<\/li>\n<li>Love animals and exploring nature? Apply to be a <a href=\"https:\/\/naturalsciences.org\/learn\/junior-curators\"><strong>Junior Curator<\/strong><\/a>!<\/li>\n<li>Want to tell the world about your favorite nature topics? Check out the <a href=\"https:\/\/naturalsciences.org\/learn\/junior-interpreters\"><strong>Junior Interpreters<\/strong><\/a>!<\/li>\n<li>Fascinated by current science research? Become a <a href=\"https:\/\/naturalsciences.org\/learn\/cafe-coordinators\"><strong>Caf\u00e9 Coordinator<\/strong><\/a> and help plan the <a href=\"https:\/\/naturalsciences.org\/learn\/teen-science-cafes\"><strong>Teen Science Caf\u00e9s<\/strong><\/a>!<\/li>\n<\/ul>\n<p><a href=\"#top\">Top of page<\/a><\/p>\n<hr id=\"bit\" class=\"cleardiv\" \/>\n<h3>NC State Biotechnology Program (BIT)<\/h3>\n<p><img decoding=\"async\" loading=\"lazy\" class=\"alignnone size-full wp-image-57502\" src=\"https:\/\/naturalsciences.org\/calendar\/wp-content\/uploads\/2020\/10\/Bitly_Srougi_640.jpg\" alt=\"Bitly, the program's Biotechnology Program Ambassador.\" width=\"640\" height=\"382\" srcset=\"https:\/\/naturalsciences.org\/calendar\/wp-content\/uploads\/2020\/10\/Bitly_Srougi_640.jpg 640w, https:\/\/naturalsciences.org\/calendar\/wp-content\/uploads\/2020\/10\/Bitly_Srougi_640-300x179.jpg 300w, https:\/\/naturalsciences.org\/calendar\/wp-content\/uploads\/2020\/10\/Bitly_Srougi_640-500x298.jpg 500w\" sizes=\"(max-width: 640px) 100vw, 640px\" \/><\/p>\n<p>The NC State Biotechnology Program (BIT) offers undergraduate and graduate student training in molecular biology and biotechnology. Check out the Program\u2019s courses (<a href=\"https:\/\/biotech.ncsu.edu\/\" target=\"_blank\" rel=\"noopener noreferrer\"><strong>biotech.ncsu.edu<\/strong><\/a>) and connect with their instructors to learn about the variety of applications of biotechnology!<\/p>\n<ul class=\"bullet-list\">\n<li>Explore the <strong><a href=\"https:\/\/www.youtube.com\/channel\/UCVAlAbkUIsn114Ucu8J1lHQ\" target=\"_blank\" rel=\"noopener noreferrer\">NCSU BIT YouTube Channel<\/a><\/strong><\/li>\n<li>Learn about their program and instructors<\/li>\n<li>Discover some of the applications of biotechnology<\/li>\n<\/ul>\n<p><a href=\"#top\">Top of page<\/a><\/p>\n<hr id=\"sas\" class=\"cleardiv\" \/>\n<h3>SAS\/CodeSnaps<\/h3>\n<p><img decoding=\"async\" loading=\"lazy\" class=\"alignnone size-full wp-image-57589\" src=\"https:\/\/naturalsciences.org\/calendar\/wp-content\/uploads\/2020\/10\/CodeSnaps_640.jpg\" alt=\"CodeSnaps running on an iPad with a Sphero robot in front.\" width=\"640\" height=\"480\" srcset=\"https:\/\/naturalsciences.org\/calendar\/wp-content\/uploads\/2020\/10\/CodeSnaps_640.jpg 640w, https:\/\/naturalsciences.org\/calendar\/wp-content\/uploads\/2020\/10\/CodeSnaps_640-300x225.jpg 300w, https:\/\/naturalsciences.org\/calendar\/wp-content\/uploads\/2020\/10\/CodeSnaps_640-500x375.jpg 500w\" sizes=\"(max-width: 640px) 100vw, 640px\" \/><\/p>\n<p>Come learn about their free coding app that works with a Sphero robot and an iPad!<\/p>\n<p>If you\u2019re interested in finding out how CodeSnaps can be used with students with visual impairments, these blog posts will serve as great resources:<\/p>\n<p><a href=\"https:\/\/www.perkinselearning.org\/technology\/blog\/codesnaps-sas-coding-app\" target=\"_blank\" rel=\"noopener noreferrer\">https:\/\/www.perkinselearning.org\/technology\/blog\/codesnaps-sas-coding-app<\/a><br \/>\n<a href=\"https:\/\/www.perkinselearning.org\/technology\/blog\/codesnaps-activity-part-2\" target=\"_blank\" rel=\"noopener noreferrer\">https:\/\/www.perkinselearning.org\/technology\/blog\/codesnaps-activity-part-2<\/a><\/p>\n<p><a href=\"#top\">Top of page<\/a><\/p>\n<hr id=\"state\" \/>\n<h3><img decoding=\"async\" loading=\"lazy\" class=\"alignnone size-full wp-image-57921\" src=\"https:\/\/naturalsciences.org\/calendar\/wp-content\/uploads\/2020\/11\/NC_StateSeal.png\" alt=\"The Great Seal of the State of North Carolina\" width=\"359\" height=\"357\" srcset=\"https:\/\/naturalsciences.org\/calendar\/wp-content\/uploads\/2020\/11\/NC_StateSeal.png 359w, https:\/\/naturalsciences.org\/calendar\/wp-content\/uploads\/2020\/11\/NC_StateSeal-300x298.png 300w\" sizes=\"(max-width: 359px) 100vw, 359px\" \/><\/h3>\n<h3>The State of North Carolina<\/h3>\n<p>The State of North Carolina is the state\u2019s largest employer with approximately 130,000 state government employees in over 100 different counties. We are a large organization comprised of various state agencies, branches, and universities, each providing an important public service. Career opportunities are available from the mountains to the coast and all points in between.<\/p>\n<p>Our metropolitan areas are consistently ranked as thriving centers for businesses, career seekers, education, and social life. The University of North Carolina system consists of colleges and universities that consistently receive top honors in various categories.<\/p>\n<p>Start your career with us at the State of North Carolina today!<\/p>\n<p>Learn more at: <a href=\"http:\/\/www.nc.gov\/jobs\" target=\"_blank\" rel=\"noopener noreferrer\">http:\/\/www.nc.gov\/jobs<\/a><\/p>\n<p><strong>PROGRAMS FOR STUDENTS:<\/strong><\/p>\n<h4>State of North Carolina Internship Program<\/h4>\n<p>The North Carolina Internship Program provides students with professional work experience that connects their classroom experiences and potential career choices.<\/p>\n<p>Interns work 40 hours a week for a 10-week period. They participate in meetings, educational tours and other activities designed to broaden their perspective of public service and state government. These students are typically College Students who have completed the their freshman year by the time they start in May.<\/p>\n<p>The application period runs November 1, 2020 \u2013 January 4, 2021.<\/p>\n<p>Learn more at: <a href=\"https:\/\/ncadmin.nc.gov\/advocacy\/youth-involvement\/internship-program\" target=\"_blank\" rel=\"noopener noreferrer\">https:\/\/ncadmin.nc.gov\/advocacy\/youth-involvement\/internship-program<\/a><\/p>\n<h4>Lady Cardinal STEM Program<\/h4>\n<p>The Lady Cardinal Mentorship Program is a 5-week summer enrichment opportunity for high school girls in North Carolina who are interested in exploring careers in science, technology, engineering, and\/ or mathematics within state government. The 2020 Lady Cardinal Mentorship Program lasts from middle June \u2013 middle July. Females who have completed 9th grade are eligible to apply. Students must complete and application for consideration to the program.<\/p>\n<p>Learn more at: <a href=\"https:\/\/ncadmin.nc.gov\/advocacy\/youth-involvement\/lady-cardinal-mentorship-program\" target=\"_blank\" rel=\"noopener noreferrer\">https:\/\/ncadmin.nc.gov\/advocacy\/youth-involvement\/lady-cardinal-mentorship-program<\/a><\/p>\n<h4>Governor\u2019s Page Program<\/h4>\n<p>Established in 1973, the Governor\u2019s Page Program gives high school students from all over North Carolina the opportunity to come to Raleigh for a week of hands-on participation in their state government. Pages will tour multiple government buildings and historic sites, including the Legislative Building, the State Capitol, the Executive Mansion, and the North Carolina Museum of History. Finally, Pages will have the opportunity to meet with government officials and discuss how state government works and how it impacts the lives of North Carolinians.<\/p>\n<p>Each applicant must be a North Carolina high school student in good academic standing between the ages of sixteen and eighteen years old. Pages are selected to serve for a term of four days.<\/p>\n<p>Learn more at: <a href=\"https:\/\/governor.nc.gov\/governors-page-program\" target=\"_blank\" rel=\"noopener noreferrer\">https:\/\/governor.nc.gov\/governors-page-program<\/a><\/p>\n<p><a href=\"#top\">Top of page<\/a><\/p>\n<p><a href=\"https:\/\/naturalsciences.org\/calendar\/event\/stem-career-showcase-2-2-2\/\"><strong>Back to the STEM Career Showcase for Students With Disabilities<\/strong><\/a><\/p>\n","protected":false},"excerpt":{"rendered":"<p>At the STEM Career Showcase for Students With Disabilities Ablr | Arts Access | Catalyst | NC ABLE | NC DSDHH | NC DVRS | NCMNS Teen Programs | NCSU BIT | SAS CodeSnaps | State of North Carolina Ablr Ablr is a Digital Accessibility and Inclusion company that was founded on the key principle&#8230; <a class=\"read-more\" href=\"https:\/\/naturalsciences.org\/calendar\/virtual-exhibitors\/\">Read More ><\/a><\/p>\n","protected":false},"author":8,"featured_media":0,"parent":0,"menu_order":0,"comment_status":"closed","ping_status":"closed","template":"stem.php","meta":{"_links_to":"","_links_to_target":""},"acf":[],"_links":{"self":[{"href":"https:\/\/naturalsciences.org\/calendar\/wp-json\/wp\/v2\/pages\/57085"}],"collection":[{"href":"https:\/\/naturalsciences.org\/calendar\/wp-json\/wp\/v2\/pages"}],"about":[{"href":"https:\/\/naturalsciences.org\/calendar\/wp-json\/wp\/v2\/types\/page"}],"author":[{"embeddable":true,"href":"https:\/\/naturalsciences.org\/calendar\/wp-json\/wp\/v2\/users\/8"}],"replies":[{"embeddable":true,"href":"https:\/\/naturalsciences.org\/calendar\/wp-json\/wp\/v2\/comments?post=57085"}],"version-history":[{"count":0,"href":"https:\/\/naturalsciences.org\/calendar\/wp-json\/wp\/v2\/pages\/57085\/revisions"}],"wp:attachment":[{"href":"https:\/\/naturalsciences.org\/calendar\/wp-json\/wp\/v2\/media?parent=57085"}],"curies":[{"name":"wp","href":"https:\/\/api.w.org\/{rel}","templated":true}]}}