{"id":40110,"date":"2019-04-17T11:16:35","date_gmt":"2019-04-17T16:16:35","guid":{"rendered":"http:\/\/naturalsciences.org\/calendar\/?page_id=40110"},"modified":"2024-02-14T09:50:32","modified_gmt":"2024-02-14T14:50:32","slug":"reptile-and-amphibian-days","status":"publish","type":"page","link":"https:\/\/naturalsciences.org\/calendar\/reptile-and-amphibian-days\/","title":{"rendered":"Reptile and Amphibian Day"},"content":{"rendered":"<p><img decoding=\"async\" loading=\"lazy\" class=\"alignnone size-full wp-image-93904\" src=\"https:\/\/naturalsciences.org\/calendar\/wp-content\/uploads\/2024\/02\/RADay_1000x500.jpg\" alt=\"Alligator partially submerged in water. &quot;Reptile and Amphibian Day&quot; is written on the image. \" width=\"1000\" height=\"500\" srcset=\"https:\/\/naturalsciences.org\/calendar\/wp-content\/uploads\/2024\/02\/RADay_1000x500.jpg 1000w, https:\/\/naturalsciences.org\/calendar\/wp-content\/uploads\/2024\/02\/RADay_1000x500-300x150.jpg 300w, https:\/\/naturalsciences.org\/calendar\/wp-content\/uploads\/2024\/02\/RADay_1000x500-500x250.jpg 500w, https:\/\/naturalsciences.org\/calendar\/wp-content\/uploads\/2024\/02\/RADay_1000x500-768x384.jpg 768w\" sizes=\"(max-width: 1000px) 100vw, 1000px\" \/><\/p>\n<p><strong>Saturday, March 9, 2024<\/strong><br \/>\n10am\u20135pm<\/p>\n<p>Join us to celebrate Reptile and Amphibian Day, the nation\u2019s largest and most popular event dedicated to hopping, slithering, crawling critters! This year\u2019s theme is CROCODILIANS!<\/p>\n<p>Come learn about our favorite ectotherms, from crafts, to lectures, to close encounters!\u00a0 This event is perfect for all ages \u2014 from the youngest tadpoles to the oldest tortoises.<\/p>\n<hr \/>\n<p><strong>Membership special<\/strong><br \/>\nGet a free Reptile and Amphibian Day T-shirt when you <a href=\"https:\/\/naturalsciences.org\/support\/membership\">join or renew your membership<\/a> onsite during the event.<\/p>\n<hr \/>\n<div lang=\"es\">\n<p><strong>S\u00e1bado, 9 de Marzo<\/strong><\/p>\n<p>10am\u20135pm<\/p>\n<p>Celebra con nosotros el vig\u00e9simo-quinto D\u00eda de los Reptiles y Anfibios. El evento m\u00e1s grande y popular de la toda la naci\u00f3n destinado a todas las criaturas que saltan, se deslizan y arrastran. \u00a1El tema de este a\u00f1o son COCODRILOS!<\/p>\n<p>\u00a1Ven a aprender sobre nuestros ectotermos favoritos! Tendremos estaciones para todo el mundo, \u00a0desde manualidades, actividades, exposiciones y conferencias, hasta \u00a1animales vivos! Este evento es perfecto para todas las edades, desde los renacuajos m\u00e1s j\u00f3venes hasta las tortugas m\u00e1s viejas. Las exhibiciones y presentaciones son en ingl\u00e9s, pero contamos con un elevado n\u00famero de voluntarios que hablan en espa\u00f1ol.<\/p>\n<p>Para cualquier informaci\u00f3n en espa\u00f1ol de este y otros grandes eventos en el museo, por favor p\u00f3ngase en contacto con Hugo Romero-S\u00e1nchez v\u00eda email,\u00a0<a href=\"mailto:hugo.romero@naturalsciences.org\">hugo.romero@naturalsciences.org<\/a>\u00a0o en el tel\u00e9fono 919.707.9965.<\/p>\n<\/div>\n<hr \/>\n<div lang=\"es\"><strong>\u00a1Especial para miembros!<\/strong><br \/>\nConsigue una camiseta completamente gratis de nuestro Reptile &amp; Amphibian Day cuando te hagas socio o renueves tu membres\u00eda en persona durante el evento.<\/div>\n<div lang=\"es\">\n<hr \/>\n<\/div>\n<div lang=\"es\">\n<div class=\"tribe-events-meta-group tribe-events-meta-group-organizer\">\n<h3 class=\"tribe-events-single-section-title\">Organizer<\/h3>\n<dl>\n<dd class=\"fn org\">Miranda Dowdy<\/dd>\n<dt class=\"tel\">(919) 707-9885<\/dt>\n<dt class=\"email\"><a href=\"mailto:miranda.dowdy@naturalsciences.org\">miranda.dowdy@naturalsciences.org<\/a><\/dt>\n<\/dl>\n<\/div>\n<\/div>\n","protected":false},"excerpt":{"rendered":"<p>Saturday, March 9, 2024 10am\u20135pm Join us to celebrate Reptile and Amphibian Day, the nation\u2019s largest and most popular event dedicated to hopping, slithering, crawling critters! This year\u2019s theme is CROCODILIANS! Come learn about our favorite ectotherms, from crafts, to lectures, to close encounters!\u00a0 This event is perfect for all ages \u2014 from the youngest&#8230; <a class=\"read-more\" href=\"https:\/\/naturalsciences.org\/calendar\/reptile-and-amphibian-days\/\">Read More ><\/a><\/p>\n","protected":false},"author":8,"featured_media":0,"parent":0,"menu_order":0,"comment_status":"closed","ping_status":"closed","template":"reptile-and-amphibian-days.php","meta":{"_links_to":"","_links_to_target":""},"acf":[],"_links":{"self":[{"href":"https:\/\/naturalsciences.org\/calendar\/wp-json\/wp\/v2\/pages\/40110"}],"collection":[{"href":"https:\/\/naturalsciences.org\/calendar\/wp-json\/wp\/v2\/pages"}],"about":[{"href":"https:\/\/naturalsciences.org\/calendar\/wp-json\/wp\/v2\/types\/page"}],"author":[{"embeddable":true,"href":"https:\/\/naturalsciences.org\/calendar\/wp-json\/wp\/v2\/users\/8"}],"replies":[{"embeddable":true,"href":"https:\/\/naturalsciences.org\/calendar\/wp-json\/wp\/v2\/comments?post=40110"}],"version-history":[{"count":0,"href":"https:\/\/naturalsciences.org\/calendar\/wp-json\/wp\/v2\/pages\/40110\/revisions"}],"wp:attachment":[{"href":"https:\/\/naturalsciences.org\/calendar\/wp-json\/wp\/v2\/media?parent=40110"}],"curies":[{"name":"wp","href":"https:\/\/api.w.org\/{rel}","templated":true}]}}