{"id":37417,"date":"2021-12-09T14:57:32","date_gmt":"2021-12-09T19:57:32","guid":{"rendered":"http:\/\/naturalsciences.org\/calendar\/?page_id=37417"},"modified":"2026-01-20T09:11:11","modified_gmt":"2026-01-20T14:11:11","slug":"accessibility","status":"publish","type":"page","link":"https:\/\/naturalsciences.org\/calendar\/astronomy-days\/accessibility\/","title":{"rendered":"Accessibility"},"content":{"rendered":"<p>The North Carolina Museum of Natural Sciences strives to provide a fun and friendly educational environment for everyone. Our goal is to make Astronomy Days as accessible as possible, so that the greatest number of event guests can take advantage of everything the event has to offer.<\/p>\n<p>*<a href=\"https:\/\/naturalsciences.org\/calendar\/wp-content\/uploads\/2026\/01\/ACCESIBILIDAD-Astronomy-Days.pdf\">Para leer esta informaci\u00f3n en espa\u00f1ol, haga clic aqu\u00ed.<\/a>*<\/p>\n<h2>Quiet Space<\/h2>\n<p>This space on the 2nd floor of the NEC in the Brimley Hall is sectioned off and available for visitors with anxiety, stress and sensory overstimulation. Visitors can take a break from the events and activities. Guests are also provided with sensory toys, coloring pages, books and noise-canceling headphones (upon request). People of all ages and abilities are welcome to take advantage of our quiet space.<\/p>\n<h2>Loud Noise Warning<\/h2>\n<p>During the entirety of the event, on both Saturday and Sunday, Blast-Off Rockets will be fired off in the alley behind the Museum\u2019s Nature Research Center (NRC). If you are sensitive to loud or unexpected noises, please consider entering the Museum through the Nature Exploration Center (NEC) at 11 West Jones St.<\/p>\n<h2>Accessible Drop-off Area<\/h2>\n<p>The <a href=\"https:\/\/maps.app.goo.gl\/VheoaCEa9SbqKdbv6\">Accessible drop-off area<\/a> is located in front of the Nature Exploration Center (NEC, 11 W. Jones Street). There are two crosswalks between the NEC and the General Assembly\/Legislature Building. You may pull over on the right near these crosswalks to drop off passengers.<\/p>\n<p><img decoding=\"async\" loading=\"lazy\" class=\"aligncenter size-full wp-image-117886\" src=\"https:\/\/naturalsciences.org\/calendar\/wp-content\/uploads\/2026\/01\/Accessibility-Parking-Astronomy-Days-2026_revised.png\" alt=\"map displaying the location of the museum and accessible drop off locations and points of entry for Astronomy Days 2026\" width=\"800\" height=\"474\" srcset=\"https:\/\/naturalsciences.org\/calendar\/wp-content\/uploads\/2026\/01\/Accessibility-Parking-Astronomy-Days-2026_revised.png 800w, https:\/\/naturalsciences.org\/calendar\/wp-content\/uploads\/2026\/01\/Accessibility-Parking-Astronomy-Days-2026_revised-300x178.png 300w, https:\/\/naturalsciences.org\/calendar\/wp-content\/uploads\/2026\/01\/Accessibility-Parking-Astronomy-Days-2026_revised-500x296.png 500w, https:\/\/naturalsciences.org\/calendar\/wp-content\/uploads\/2026\/01\/Accessibility-Parking-Astronomy-Days-2026_revised-768x455.png 768w\" sizes=\"(max-width: 800px) 100vw, 800px\" \/><\/p>\n<h2>Noise-Reducing Headphones<\/h2>\n<p>Sensory Friendly Bags, which include noise-reducing headphones, are available for checkout at the front desk. There are also a limited number at the Quiet Space (second floor NEC).<\/p>\n<h2>Sighted Guides<\/h2>\n<p>This year, we will have trained volunteers to assist visitors (2 hours maximum). Visitors will need to preregister for sighted guides by Friday, January 9.<\/p>\n<p>Please register for a sighted guide by calling Sam Frigerio at 919.707.9824 or emailing her at <a href=\"mailto:Samantha.Frigerio@NaturalSciences.org\">Samantha.Frigerio@NaturalSciences.org<\/a>. Please provide your first and last name and the time period for which you will need a sighted guide (2 hours maximum).<\/p>\n<h2>ASL Interpreter<\/h2>\n<p>We are able to provide ASL interpreters for Astronomy Days talks and presentations, but we are not able to provide an ASL interpreter for self-guided exploration of the event. Requests for ASL interpretation must be submitted by Friday, January 9 by emailing <a href=\"mailto:Samantha.Frigerio@NaturalSciences.org\">Samantha.Frigerio@NaturalSciences.org<\/a>.<\/p>\n<h2>Accessible Restrooms<\/h2>\n<p><img decoding=\"async\" loading=\"lazy\" class=\"alignleft wp-image-20474\" src=\"https:\/\/naturalsciences.org\/calendar\/wp-content\/uploads\/2017\/08\/Wheelchair-symbol.png\" alt=\"Wheelchair-symbol\" width=\"47\" height=\"54\" \/><\/p>\n<p>&nbsp;<\/p>\n<p>&nbsp;<\/p>\n<p>There are accessible restrooms located on every floor of the Nature Exploration Center (NEC) and the Nature Research Center (NRC).<\/p>\n<p><img decoding=\"async\" loading=\"lazy\" class=\"size-full wp-image-117892 alignleft\" src=\"https:\/\/naturalsciences.org\/calendar\/wp-content\/uploads\/2026\/01\/toilet.png\" alt=\"black and white symbol of toilet\" width=\"41\" height=\"60\" \/><\/p>\n<p>&nbsp;<\/p>\n<p>&nbsp;<\/p>\n<p>Single Use Restrooms are available for use on the 1<sup>st<\/sup>\u00a0floor of the NRC, and the 1<sup>st<\/sup>\u00a0and\u00a03<sup>rd<\/sup>\u00a0floor of the NEC.<\/p>\n<p><img decoding=\"async\" loading=\"lazy\" class=\"alignleft wp-image-20476\" src=\"https:\/\/naturalsciences.org\/calendar\/wp-content\/uploads\/2017\/08\/nursing-Room-Symbol.jpg\" alt=\"Nursing Room Symbol\" width=\"49\" height=\"60\" \/><\/p>\n<p>&nbsp;<\/p>\n<p>&nbsp;<\/p>\n<p>There is a nursing room located on the 1<sup>st<\/sup> floor of the NEC, behind the Coastal Hall.<\/p>\n<h2><b>Assisted Listening Devices<\/b><\/h2>\n<p><img decoding=\"async\" loading=\"lazy\" class=\"alignnone wp-image-28472\" src=\"https:\/\/naturalsciences.org\/calendar\/wp-content\/uploads\/2018\/03\/ALD01-300x300.png\" alt=\"\" width=\"57\" height=\"57\" srcset=\"https:\/\/naturalsciences.org\/calendar\/wp-content\/uploads\/2018\/03\/ALD01-300x300.png 300w, https:\/\/naturalsciences.org\/calendar\/wp-content\/uploads\/2018\/03\/ALD01.png 400w\" sizes=\"(max-width: 57px) 100vw, 57px\" \/><\/p>\n<p>Assistive Listening Devices (ALDs) for presentations are available upon request on a first-come, first-served basis. To reserve a device, please email Sam Frigerio at <a href=\"mailto:Samantha.Frigerio@naturalsciences.org\">Samantha.Frigerio@naturalsciences.org<\/a> . Please provide your first and last name and the presentation(s) for which you will need an ALD. Numbers are limited so reserve ALDs as early as possible.<\/p>\n<hr \/>\n<h3>Help us Improve Event Accessibility!<\/h3>\n<p>We want you to help us ensure that you have the best experience possible at our event. If you have any additional questions, suggestions, or concerns, please contact the Museum&#8217;s Coordinator of Accessibility and Inclusion, Samantha Frigerio at 919.707.9824 or emailing her at <a href=\"mailto:samantha.frigerio@naturalsciences.org\">samantha.frigerio@naturalsciences.org<\/a>.<\/p>\n","protected":false},"excerpt":{"rendered":"<p>The North Carolina Museum of Natural Sciences strives to provide a fun and friendly educational environment for everyone. Our goal is to make Astronomy Days as accessible as possible, so that the greatest number of event guests can take advantage of everything the event has to offer. *Para leer esta informaci\u00f3n en espa\u00f1ol, haga clic&#8230; <a class=\"read-more\" href=\"https:\/\/naturalsciences.org\/calendar\/astronomy-days\/accessibility\/\">Read More ><\/a><\/p>\n","protected":false},"author":8,"featured_media":0,"parent":23606,"menu_order":0,"comment_status":"closed","ping_status":"closed","template":"astronomy-days.php","meta":{"_links_to":"","_links_to_target":""},"acf":[],"_links":{"self":[{"href":"https:\/\/naturalsciences.org\/calendar\/wp-json\/wp\/v2\/pages\/37417"}],"collection":[{"href":"https:\/\/naturalsciences.org\/calendar\/wp-json\/wp\/v2\/pages"}],"about":[{"href":"https:\/\/naturalsciences.org\/calendar\/wp-json\/wp\/v2\/types\/page"}],"author":[{"embeddable":true,"href":"https:\/\/naturalsciences.org\/calendar\/wp-json\/wp\/v2\/users\/8"}],"replies":[{"embeddable":true,"href":"https:\/\/naturalsciences.org\/calendar\/wp-json\/wp\/v2\/comments?post=37417"}],"version-history":[{"count":6,"href":"https:\/\/naturalsciences.org\/calendar\/wp-json\/wp\/v2\/pages\/37417\/revisions"}],"predecessor-version":[{"id":118249,"href":"https:\/\/naturalsciences.org\/calendar\/wp-json\/wp\/v2\/pages\/37417\/revisions\/118249"}],"up":[{"embeddable":true,"href":"https:\/\/naturalsciences.org\/calendar\/wp-json\/wp\/v2\/pages\/23606"}],"wp:attachment":[{"href":"https:\/\/naturalsciences.org\/calendar\/wp-json\/wp\/v2\/media?parent=37417"}],"curies":[{"name":"wp","href":"https:\/\/api.w.org\/{rel}","templated":true}]}}