{"id":27872,"date":"2018-03-02T12:08:39","date_gmt":"2018-03-02T17:08:39","guid":{"rendered":"http:\/\/naturalsciences.org\/calendar\/?page_id=27872"},"modified":"2024-03-08T13:48:46","modified_gmt":"2024-03-08T18:48:46","slug":"triangle-scitech-expo-2","status":"publish","type":"page","link":"https:\/\/naturalsciences.org\/calendar\/triangle-scitech-expo-2\/","title":{"rendered":"Triangle SciTech Expo 2023"},"content":{"rendered":"<p><img decoding=\"async\" class=\"img-responsive\" src=\"https:\/\/naturalsciences.org\/calendar\/wp-content\/uploads\/2023\/03\/SciTech_23_EventGraphic_1000x500.jpg\" alt=\"Triangle SciTech Expo - it's free!\" \/><\/p>\n<h3>Saturday, April 22<\/h3>\n<h4>10am\u20135pm<\/h4>\n<p>Triangle SciTech Expo is a unique event that assembles scientists and technical professionals from universities, organizations and industry to engage visitors of all ages in the excitement of science and technology. We provide leaders in SciTech fields a prominent opportunity to showcase innovations and research while engaging visitors in interactive programs that actively spark their interest in STEM fields.<\/p>\n<p>Experts, researchers, and specialists developing new technologies will engage with participants; programs are designed for all ages and stages of learning, and families are encouraged to attend.<\/p>\n<p>Triangle SciTech Expo is sponsored by Biogen Foundation in partnership with the NC Science Festival.<\/p>\n<p>&nbsp;<\/p>\n<hr \/>\n<div lang=\"es\">\n<h3>S\u00e1bado 22 de Abril<\/h3>\n<h4>10am &#8211; 5pm<\/h4>\n<p>El <em>Triangle SciTech Expo<\/em> es un evento \u00fanico que re\u00fane a cient\u00edficos y profesionales t\u00e9cnicos de universidades, organizaciones e industrias para compartir con nuestros visitantes de todas las edades la pasi\u00f3n por la Ciencia y la Tecnolog\u00eda.<\/p>\n<p>Ofrecemos una oportunidad \u00fanica en la que l\u00edderes y pioneros en diferentes campos cient\u00edficos presentan y exhiben sus investigaciones y creaciones al p\u00fablico de una manera interactiva, despertando el inter\u00e9s en nuestros visitantes por el mundo STEM.<\/p>\n<p>Expertos, investigadores y especialistas en el desarrollo de nuevas tecnolog\u00edas conversar\u00e1n con nuestros participantes. Todo el mundo est\u00e1 invitado ya que los programas est\u00e1n dise\u00f1ados para todas las edades y etapas en el aprendizaje. Tenemos de todo&#8230; \u00a1para todos!<\/p>\n<p>Triangle SciTech Expo est\u00e1 patrocinado por la Fundaci\u00f3n Biogen en asociaci\u00f3n con el NC Science Festival.<\/p>\n<p>Este evento es enteramente en ingl\u00e9s.<\/p>\n<p>Para m\u00e1s informaci\u00f3n en\u00a0 sobre el evento, por favor ponte en contacto con: <a href=\"mailto:Miranda.Dowdy@naturalsciences.org\">Miranda.Dowdy@naturalsciences.org<\/a><\/p>\n<\/div>\n<hr \/>\n<div class=\"container-fluid\">\n<div class=\"row\">\n<h4 class=\"sponsors-header\">Presenting Sponsor<\/h4>\n<div class=\"col-xs-12 col-sm-6\"><img decoding=\"async\" class=\"img img-responsive\" src=\"https:\/\/naturalsciences.org\/calendar\/wp-content\/uploads\/2019\/03\/BiogenFoundation_Logo_RGB_375.jpg\" alt=\"Biogen Foundation Logo\" \/><\/div>\n<\/div>\n<\/div>\n<hr \/>\n<div class=\"container-fluid\">\n<div class=\"row\">\n<h4 class=\"sponsors-header\">Community Partner<\/h4>\n<div class=\"col-xs-12 col-sm-6\"><img decoding=\"async\" class=\"img img-responsive\" src=\"https:\/\/naturalsciences.org\/calendar\/wp-content\/uploads\/2021\/03\/NCSF__RGB_Full-Color_175.jpg\" alt=\"NC SciFest - presented by Biogen Foundation\" \/><\/div>\n<\/div>\n<\/div>\n","protected":false},"excerpt":{"rendered":"<p>Saturday, April 22 10am\u20135pm Triangle SciTech Expo is a unique event that assembles scientists and technical professionals from universities, organizations and industry to engage visitors of all ages in the excitement of science and technology. We provide leaders in SciTech fields a prominent opportunity to showcase innovations and research while engaging visitors in interactive programs&#8230; <a class=\"read-more\" href=\"https:\/\/naturalsciences.org\/calendar\/triangle-scitech-expo-2\/\">Read More ><\/a><\/p>\n","protected":false},"author":1,"featured_media":0,"parent":0,"menu_order":0,"comment_status":"closed","ping_status":"closed","template":"scitech-expo.php","meta":{"_links_to":"","_links_to_target":""},"acf":[],"_links":{"self":[{"href":"https:\/\/naturalsciences.org\/calendar\/wp-json\/wp\/v2\/pages\/27872"}],"collection":[{"href":"https:\/\/naturalsciences.org\/calendar\/wp-json\/wp\/v2\/pages"}],"about":[{"href":"https:\/\/naturalsciences.org\/calendar\/wp-json\/wp\/v2\/types\/page"}],"author":[{"embeddable":true,"href":"https:\/\/naturalsciences.org\/calendar\/wp-json\/wp\/v2\/users\/1"}],"replies":[{"embeddable":true,"href":"https:\/\/naturalsciences.org\/calendar\/wp-json\/wp\/v2\/comments?post=27872"}],"version-history":[{"count":0,"href":"https:\/\/naturalsciences.org\/calendar\/wp-json\/wp\/v2\/pages\/27872\/revisions"}],"wp:attachment":[{"href":"https:\/\/naturalsciences.org\/calendar\/wp-json\/wp\/v2\/media?parent=27872"}],"curies":[{"name":"wp","href":"https:\/\/api.w.org\/{rel}","templated":true}]}}