{"id":20438,"date":"2017-08-15T14:04:21","date_gmt":"2017-08-15T19:04:21","guid":{"rendered":"http:\/\/naturalsciences.org\/calendar\/?page_id=20438"},"modified":"2025-09-04T07:32:51","modified_gmt":"2025-09-04T11:32:51","slug":"accessibility","status":"publish","type":"page","link":"https:\/\/naturalsciences.org\/calendar\/bugfest\/accessibility\/","title":{"rendered":"Accessibility"},"content":{"rendered":"<p><strong>The North Carolina Museum of Natural Sciences strives to provide a fun and friendly educational environment for everyone. Our goal is to make BugFest as accessible as possible, so that the greatest number of event guests can take advantage of everything the festival has to offer.<\/strong><\/p>\n<p lang=\"es\"><a href=\"https:\/\/naturalsciences.org\/calendar\/wp-content\/uploads\/2017\/08\/Accessibility-Webpage-spanish.pdf\" target=\"_blank\" rel=\"noopener noreferrer\">*Para leer esta informaci\u00f3n en espa\u00f1ol, haga clic aqu\u00ed.*<\/a><\/p>\n<hr \/>\n<h3>Venue: North Carolina Museum of Natural Sciences<\/h3>\n<p>The festival will include both indoor and outdoor activities. Indoor activities will be located in the Nature Exploration Center (NEC) and Nature Research Center (NRC). Outdoor activities will be located along Jones Street, Edenton Street, and in the Bicentennial Plaza.<\/p>\n<h3>Accessible Drop-off Area<\/h3>\n<p>The accessible drop-off area will be located near the back door of the NRC. The alley to access this location is located off Edenton Street, just before the entrance to the Green Square Deck. Please see map for more information.<\/p>\n<p><img decoding=\"async\" loading=\"lazy\" class=\"aligncenter wp-image-114027 size-full\" src=\"https:\/\/naturalsciences.org\/calendar\/wp-content\/uploads\/2025\/09\/BugFest-Parking-Map-2025-scaled.jpg\" alt=\"map of available public parking for BugFest 2025\" width=\"2560\" height=\"1978\" srcset=\"https:\/\/naturalsciences.org\/calendar\/wp-content\/uploads\/2025\/09\/BugFest-Parking-Map-2025-scaled.jpg 2560w, https:\/\/naturalsciences.org\/calendar\/wp-content\/uploads\/2025\/09\/BugFest-Parking-Map-2025-300x232.jpg 300w, https:\/\/naturalsciences.org\/calendar\/wp-content\/uploads\/2025\/09\/BugFest-Parking-Map-2025-1024x791.jpg 1024w, https:\/\/naturalsciences.org\/calendar\/wp-content\/uploads\/2025\/09\/BugFest-Parking-Map-2025-500x386.jpg 500w, https:\/\/naturalsciences.org\/calendar\/wp-content\/uploads\/2025\/09\/BugFest-Parking-Map-2025-768x593.jpg 768w, https:\/\/naturalsciences.org\/calendar\/wp-content\/uploads\/2025\/09\/BugFest-Parking-Map-2025-1536x1187.jpg 1536w, https:\/\/naturalsciences.org\/calendar\/wp-content\/uploads\/2025\/09\/BugFest-Parking-Map-2025-2048x1582.jpg 2048w\" sizes=\"(max-width: 2560px) 100vw, 2560px\" \/><\/p>\n<h3>Event Information and Accessibility Tent<\/h3>\n<p>There will be a tent dedicated to General Event Information and Accessibility at the festival, located on the outdoor footprint, near the globe, on the corner of Salisbury and Jones Street. Courtesy manual wheelchair rentals will be available upon request at this tent. There is a limited supply of chairs, and a photo ID is required for reservation.<\/p>\n<h3>Noise Cancelling Headphones<\/h3>\n<p>Noise cancelling headphones and earplugs are available for free at the Event Information and Accessibility tent with a photo ID.\u00a0 Supplies are limited and available on a first-come, first-served basis.<\/p>\n<h3>Sighted Guides<\/h3>\n<ul>\n<li>This year, we will have trained volunteers to assist visitors (2 hours maximum). Visitors will need to preregister for sighted guides by Friday, September 6.<\/li>\n<li>Please register for a sighted guide by calling Samantha Frigerio at 919.707.9824 or emailing her at <a href=\"mailto:samantha.frigerio@naturalsciences.org\">samantha.frigerio@naturalsciences.org<\/a>. Please provide your first and last name and the time period for which you will need a sighted guide <span class=\"TextRun SCXW77153991 BCX0\" lang=\"EN-US\" xml:lang=\"EN-US\" data-contrast=\"auto\"><span class=\"NormalTextRun SCXW77153991 BCX0\"> (2 hours maximum)<\/span><\/span>.<\/li>\n<\/ul>\n<h3>ASL Interpreter<\/h3>\n<p><span class=\"TextRun SCXW120390585 BCX0\" lang=\"EN-US\" xml:lang=\"EN-US\" data-contrast=\"auto\"><span class=\"NormalTextRun SCXW120390585 BCX0\">We <\/span><span class=\"NormalTextRun SCXW120390585 BCX0\">are able to<\/span><span class=\"NormalTextRun SCXW120390585 BCX0\"> provide <\/span><span class=\"NormalTextRun SCXW120390585 BCX0\">ASL interpreters <\/span><span class=\"NormalTextRun SCXW120390585 BCX0\">for <\/span><span class=\"NormalTextRun SpellingErrorV2Themed SCXW120390585 BCX0\">BugFest<\/span> <span class=\"NormalTextRun SCXW120390585 BCX0\">talks and presentations, but <\/span><span class=\"NormalTextRun SCXW120390585 BCX0\">we are not able to <\/span><span class=\"NormalTextRun SCXW120390585 BCX0\">provide an ASL interpreter <\/span><span class=\"NormalTextRun SCXW120390585 BCX0\">for self-guided exploration <\/span><span class=\"NormalTextRun SCXW120390585 BCX0\">of the <\/span><span class=\"NormalTextRun SCXW120390585 BCX0\">event.<\/span> <span class=\"NormalTextRun SCXW120390585 BCX0\">Requests for ASL <\/span><span class=\"NormalTextRun SCXW120390585 BCX0\">interpretation must be <\/span><span class=\"NormalTextRun SCXW120390585 BCX0\">submitted<\/span><span class=\"NormalTextRun SCXW120390585 BCX0\"> by <\/span><span class=\"NormalTextRun SCXW120390585 BCX0\">Tuesday, <\/span><span class=\"NormalTextRun SCXW120390585 BCX0\">August <\/span><span class=\"NormalTextRun SCXW120390585 BCX0\">27<\/span><\/span><span class=\"TextRun SCXW120390585 BCX0\" lang=\"EN-US\" xml:lang=\"EN-US\" data-contrast=\"auto\"><span class=\"NormalTextRun Superscript SCXW120390585 BCX0\" data-fontsize=\"12\">th <\/span><\/span><span class=\"TextRun SCXW120390585 BCX0\" lang=\"EN-US\" xml:lang=\"EN-US\" data-contrast=\"auto\"><span class=\"NormalTextRun SCXW120390585 BCX0\">by <\/span><span class=\"NormalTextRun SCXW120390585 BCX0\">emailing <\/span><\/span><a class=\"Hyperlink SCXW120390585 BCX0\" href=\"mailto:Samantha.Frigerio@NaturalSciences.org\" target=\"_blank\" rel=\"noreferrer noopener\"><span class=\"TextRun Underlined SCXW120390585 BCX0\" lang=\"EN-US\" xml:lang=\"EN-US\" data-contrast=\"none\"><span class=\"NormalTextRun SCXW120390585 BCX0\" data-ccp-charstyle=\"Hyperlink\">Samantha.Frigerio@<\/span><span class=\"NormalTextRun SCXW120390585 BCX0\" data-ccp-charstyle=\"Hyperlink\">N<\/span><span class=\"NormalTextRun SCXW120390585 BCX0\" data-ccp-charstyle=\"Hyperlink\">atural<\/span><span class=\"NormalTextRun SCXW120390585 BCX0\" data-ccp-charstyle=\"Hyperlink\">S<\/span><span class=\"NormalTextRun SCXW120390585 BCX0\" data-ccp-charstyle=\"Hyperlink\">ciences.org<\/span><\/span><\/a><span class=\"TextRun SCXW120390585 BCX0\" lang=\"EN-US\" xml:lang=\"EN-US\" data-contrast=\"auto\"><span class=\"NormalTextRun SCXW120390585 BCX0\"> or <\/span><\/span><a class=\"Hyperlink SCXW120390585 BCX0\" href=\"mailto:Accessibility@NaturalSciences.org\" target=\"_blank\" rel=\"noreferrer noopener\"><span class=\"TextRun Underlined SCXW120390585 BCX0\" lang=\"EN-US\" xml:lang=\"EN-US\" data-contrast=\"none\"><span class=\"NormalTextRun SCXW120390585 BCX0\" data-ccp-charstyle=\"Hyperlink\">Accessibility@NaturalSciences.org<\/span><\/span><\/a><span class=\"TextRun SCXW120390585 BCX0\" lang=\"EN-US\" xml:lang=\"EN-US\" data-contrast=\"auto\"><span class=\"NormalTextRun SCXW120390585 BCX0\">.<\/span><\/span><span class=\"EOP SCXW120390585 BCX0\" data-ccp-props=\"{&quot;134233117&quot;:true,&quot;134233118&quot;:true,&quot;201341983&quot;:0,&quot;335559740&quot;:240}\">\u00a0<\/span><\/p>\n<h3>Accessible Restrooms<\/h3>\n<p><img decoding=\"async\" loading=\"lazy\" class=\"alignleft wp-image-20474\" src=\"https:\/\/naturalsciences.org\/calendar\/wp-content\/uploads\/2017\/08\/Wheelchair-symbol.png\" alt=\"Wheelchair-symbol\" width=\"47\" height=\"54\" \/><\/p>\n<p>&nbsp;<\/p>\n<p>&nbsp;<\/p>\n<p>There are accessible restrooms located throughout the Nature Exploration Center (NEC) and the Nature Research Center (NRC), as well as one accessible portable toilet located near the Globe. Note that the only available restrooms after 5pm are on the first floor of the Nature Exploration Center (11 W Jones Street) and the portable toilet.<\/p>\n<p><img decoding=\"async\" loading=\"lazy\" class=\"alignnone size-full wp-image-70800\" src=\"https:\/\/naturalsciences.org\/calendar\/wp-content\/uploads\/2022\/04\/toilet-e1650477173897.png\" alt=\"Toilet icon\" width=\"41\" height=\"60\" \/><\/p>\n<p>Single Use Restrooms are available for use on the 1<sup>st<\/sup> floor of the NRC, and the 1<sup>st<\/sup> and\u00a0 3<sup>rd<\/sup> floor of the NEC.<\/p>\n<p><img decoding=\"async\" loading=\"lazy\" class=\"alignleft wp-image-20476\" src=\"https:\/\/naturalsciences.org\/calendar\/wp-content\/uploads\/2017\/08\/nursing-Room-Symbol.jpg\" alt=\"Nursing Room Symbol\" width=\"49\" height=\"60\" \/><\/p>\n<p>&nbsp;<\/p>\n<p>&nbsp;<\/p>\n<p>There is a nursing room located on the 1<sup>st<\/sup> floor of the NEC, behind the Coastal Hall.<\/p>\n<h3>Quiet Space<\/h3>\n<p><img decoding=\"async\" loading=\"lazy\" class=\"alignleft wp-image-20480\" src=\"https:\/\/naturalsciences.org\/calendar\/wp-content\/uploads\/2017\/08\/Quiet-Room-Symbol.gif\" alt=\"Quiet Room Symbol\" width=\"58\" height=\"57\" \/><\/p>\n<p>&nbsp;<\/p>\n<p>&nbsp;<\/p>\n<p><span class=\"NormalTextRun SCXW36943616 BCX0\">There <\/span><span class=\"NormalTextRun SCXW36943616 BCX0\">is<\/span><span class=\"NormalTextRun SCXW36943616 BCX0\"> a quiet space available on the 2nd floor of the NEC, <\/span><span class=\"NormalTextRun SCXW36943616 BCX0\">in the Nature&#8217;s Explorers gallery<\/span> <span class=\"NormalTextRun SCXW36943616 BCX0\">(#6 on the Museum\u00a0map)<\/span><span class=\"NormalTextRun CommentStart CommentHighlightPipeRestV2 CommentHighlightRest SCXW36943616 BCX0\">.<\/span><span class=\"NormalTextRun CommentHighlightPipeRestV2 SCXW36943616 BCX0\"> This room is intended to provide a quiet and calm environment where festival attendees can spend time away from the busyness and noise of the main festival.<\/span><\/p>\n<h3><b>Assistive Listening Devices<\/b><\/h3>\n<p><img decoding=\"async\" loading=\"lazy\" class=\"alignnone wp-image-28472\" src=\"https:\/\/naturalsciences.org\/calendar\/wp-content\/uploads\/2018\/03\/ALD01-300x300.png\" alt=\"\" width=\"57\" height=\"57\" srcset=\"https:\/\/naturalsciences.org\/calendar\/wp-content\/uploads\/2018\/03\/ALD01-300x300.png 300w, https:\/\/naturalsciences.org\/calendar\/wp-content\/uploads\/2018\/03\/ALD01.png 400w\" sizes=\"(max-width: 57px) 100vw, 57px\" \/><\/p>\n<p>Assistive Listening Devices (ALD) for certain events and presentations are available upon request on a first-come first-served basis.\u00a0 To reserve\u00a0a device, please register\u00a0by calling Chris Smith at 919.707.9956 or emailing him at <a href=\"mailto:christopher.smith@naturalsciences.org\">christopher.smith@naturalsciences.org<\/a>. Please provide your first and last name and the time period for which you will need an ALD.\u00a0 Numbers are limited so reserve ALDs as early as possible.<\/p>\n<h3>Help us Improve Event Accessibility!<\/h3>\n<p><span class=\"TextRun SCXW252351368 BCX0\" lang=\"EN-US\" xml:lang=\"EN-US\" data-contrast=\"auto\"><span class=\"NormalTextRun SCXW252351368 BCX0\">We want you to help us ensure that you have the best experience possible at our event. If you have any <\/span><span class=\"NormalTextRun SCXW252351368 BCX0\">additional<\/span><span class=\"NormalTextRun SCXW252351368 BCX0\"> questions, suggestions, or concerns, please contact Samantha Frigerio<\/span><span class=\"NormalTextRun SCXW252351368 BCX0\">, Coordinator of Accessibility,<\/span><span class=\"NormalTextRun SCXW252351368 BCX0\"> at <\/span><\/span><a class=\"Hyperlink SCXW252351368 BCX0\" href=\"mailto:samantha.frigerio@naturalsciences.org\" target=\"_blank\" rel=\"noreferrer noopener\"><span class=\"TextRun Underlined SCXW252351368 BCX0\" lang=\"EN-US\" xml:lang=\"EN-US\" data-contrast=\"none\"><span class=\"NormalTextRun SCXW252351368 BCX0\">S<\/span><span class=\"NormalTextRun SCXW252351368 BCX0\">amantha.<\/span><span class=\"NormalTextRun SCXW252351368 BCX0\">F<\/span><span class=\"NormalTextRun SCXW252351368 BCX0\">rigerio@<\/span><span class=\"NormalTextRun SCXW252351368 BCX0\">N<\/span><span class=\"NormalTextRun SCXW252351368 BCX0\">atural<\/span><span class=\"NormalTextRun SCXW252351368 BCX0\">S<\/span><span class=\"NormalTextRun SCXW252351368 BCX0\">ciences.org<\/span><\/span><\/a><span class=\"TextRun SCXW252351368 BCX0\" lang=\"EN-US\" xml:lang=\"EN-US\" data-contrast=\"auto\"><span class=\"NormalTextRun SCXW252351368 BCX0\"> or at <\/span><\/span><a class=\"Hyperlink SCXW252351368 BCX0\" href=\"mailto:accessibility@naturalsciences.org\" target=\"_blank\" rel=\"noreferrer noopener\"><span class=\"TextRun Underlined SCXW252351368 BCX0\" lang=\"EN-US\" xml:lang=\"EN-US\" data-contrast=\"none\"><span class=\"NormalTextRun SCXW252351368 BCX0\">A<\/span><span class=\"NormalTextRun SCXW252351368 BCX0\">ccessibility<\/span><span class=\"NormalTextRun SCXW252351368 BCX0\">@<\/span><span class=\"NormalTextRun SCXW252351368 BCX0\">N<\/span><span class=\"NormalTextRun SCXW252351368 BCX0\">atural<\/span><span class=\"NormalTextRun SCXW252351368 BCX0\">S<\/span><span class=\"NormalTextRun SCXW252351368 BCX0\">ciences<\/span><span class=\"NormalTextRun SCXW252351368 BCX0\">.org<\/span><\/span><\/a><span class=\"TextRun SCXW252351368 BCX0\" lang=\"EN-US\" xml:lang=\"EN-US\" data-contrast=\"auto\"><span class=\"NormalTextRun SCXW252351368 BCX0\">.<\/span><\/span><span class=\"EOP SCXW252351368 BCX0\" data-ccp-props=\"{&quot;134233117&quot;:true,&quot;134233118&quot;:true,&quot;201341983&quot;:0,&quot;335559740&quot;:240}\">\u00a0<\/span><\/p>\n","protected":false},"excerpt":{"rendered":"<p>The North Carolina Museum of Natural Sciences strives to provide a fun and friendly educational environment for everyone. Our goal is to make BugFest as accessible as possible, so that the greatest number of event guests can take advantage of everything the festival has to offer. *Para leer esta informaci\u00f3n en espa\u00f1ol, haga clic aqu\u00ed.*&#8230; <a class=\"read-more\" href=\"https:\/\/naturalsciences.org\/calendar\/bugfest\/accessibility\/\">Read More ><\/a><\/p>\n","protected":false},"author":1,"featured_media":0,"parent":20347,"menu_order":0,"comment_status":"closed","ping_status":"closed","template":"bugfest.php","meta":{"_links_to":"","_links_to_target":""},"acf":[],"_links":{"self":[{"href":"https:\/\/naturalsciences.org\/calendar\/wp-json\/wp\/v2\/pages\/20438"}],"collection":[{"href":"https:\/\/naturalsciences.org\/calendar\/wp-json\/wp\/v2\/pages"}],"about":[{"href":"https:\/\/naturalsciences.org\/calendar\/wp-json\/wp\/v2\/types\/page"}],"author":[{"embeddable":true,"href":"https:\/\/naturalsciences.org\/calendar\/wp-json\/wp\/v2\/users\/1"}],"replies":[{"embeddable":true,"href":"https:\/\/naturalsciences.org\/calendar\/wp-json\/wp\/v2\/comments?post=20438"}],"version-history":[{"count":0,"href":"https:\/\/naturalsciences.org\/calendar\/wp-json\/wp\/v2\/pages\/20438\/revisions"}],"up":[{"embeddable":true,"href":"https:\/\/naturalsciences.org\/calendar\/wp-json\/wp\/v2\/pages\/20347"}],"wp:attachment":[{"href":"https:\/\/naturalsciences.org\/calendar\/wp-json\/wp\/v2\/media?parent=20438"}],"curies":[{"name":"wp","href":"https:\/\/api.w.org\/{rel}","templated":true}]}}