{"id":14790,"date":"2017-03-10T11:03:51","date_gmt":"2017-03-10T16:03:51","guid":{"rendered":"http:\/\/naturalsciences.org\/calendar\/?page_id=14790"},"modified":"2017-03-22T10:17:46","modified_gmt":"2017-03-22T15:17:46","slug":"throwback-thursday-90s-food-and-drink","status":"publish","type":"page","link":"https:\/\/naturalsciences.org\/calendar\/throwback-thursday-90s-food-and-drink\/","title":{"rendered":"Throwback Thursday 90s: Food and Drink"},"content":{"rendered":"<p><!--\n\n\n<h2><a href=\"http:\/\/naturalsciences.org\/calendar\/event\/adult-nights-throwback-thursday-90s\/\">Throwback Thursday 90s<\/a> :: <a href=\"http:\/\/naturalsciences.org\/calendar\/throwback-thursday-90s-activities\">Activities<\/a> :: Food &amp; Drink<\/h2>\n\n\n--><\/p>\n<h3>Alcoholic Drinks available for purchase<\/h3>\n<p>Buy your drink tickets at the Information Desk in the first floor lobby. Or, save time and pre-purchase drink tickets now. All alcoholic drinks are $6 (tax included).<\/p>\n<p><strong><a href=\"https:\/\/3947.blackbaudhosting.com\/3947\/tickets?tab=2&amp;txobjid=0d753415-62a6-4f95-aba7-046a6b1b0dd4\" target=\"_blank\">Buy Drink Tickets<\/a><\/strong><\/p>\n<h4>First &amp; Fourth Floors<\/h4>\n<ul>\n<li><strong>$6<\/strong> Bottled beer: <em>White Street\u00a0Kolsch, Lonerider Saloon Pilsner, Bold Rock Carolina Apple, Southern Tier Nu School IPA and Elysian Split Shot Stout.<\/em><\/li>\n<li><strong>$6<\/strong> Wine: <em>Chardonnay, Pinot Grigio, Pinot Noir and Cabernet.<\/em><\/li>\n<li><strong>$6<\/strong> Watermelon Pop Rocks Martini: <em>Vanilla vodka, watermelon pucker and sweet &amp; sour with a watermelon Pop Rocks rim.<\/em><\/li>\n<\/ul>\n<h3>Food &amp; Soft Drinks available for purchase<\/h3>\n<h4>First Floor<\/h4>\n<ul>\n<li><strong>$4<\/strong> Ham &amp; Cheese Hot Pocket: <em>Ashe County hoop cheddar and NC ham.<\/em><\/li>\n<li><strong>$4<\/strong> Veggie Hot Pocket: <em>Mushrooms, peppers, spinach, goat cheese and mozzarella.<\/em><\/li>\n<li><strong>$4<\/strong> Mini Pepperoni Pizza Bagels: <em>Mini bagels topped with marinara, mozzarella cheese and diced pepperoni.<\/em><\/li>\n<li><strong>$4<\/strong> Mini Cheese Pizza Bagels: <em>Mini bagels topped with marinara and mozzarella cheese.<\/em><\/li>\n<li><strong>$3<\/strong> Popcorn.<\/li>\n<li><strong>$2<\/strong> Assorted Chips:<em> Simply sea salt, salt &amp; vinegar, jalape\u00f1o &amp; BBQ.<\/em><\/li>\n<li><strong>$2<\/strong> Canned Sodas:<em> Pepsi, Diet Pepsi, Mountain Dew and Sierra Mist.<\/em><\/li>\n<li><strong>$2<\/strong> Bottled water.<\/li>\n<\/ul>\n<h4>Second Floor<\/h4>\n<ul>\n<li><strong>$3<\/strong> <em>Rice Krispy Treats, Giant Cookies, Homemade Granola Bars.<\/em><\/li>\n<li><strong>$2<\/strong> Assorted Chips:<em> Simply sea salt, salt &amp; vinegar, jalape\u00f1o &amp; BBQ.<\/em><\/li>\n<li><strong>$2<\/strong> Canned Sodas:<em> Pepsi, Diet Pepsi, Mountain Dew and Sierra Mist.<\/em><\/li>\n<li><strong>$2<\/strong> Bottled water.<\/li>\n<\/ul>\n<p><strong>Note:<\/strong> <a href=\"http:\/\/www.thedailyplanetcafe.com\/\" target=\"_blank\">The Daily Planet Caf\u00e9<\/a> will be open before the event with its full menu. Please use the street Caf\u00e9 entrance on Jones Street. There is no event admittance through the Caf\u00e9. Please exit the Caf\u00e9 and enter the Adult Night event through the Museum\u2019s front entrance at 121 West Jones Street.<\/p>\n<p><a href=\"http:\/\/naturalsciences.org\/docs\/DPMenu_Main_2016-03.pdf\" target=\"_blank\">Daily Planet Caf\u00e9 menu<\/a><\/p>\n","protected":false},"excerpt":{"rendered":"<p>Alcoholic Drinks available for purchase Buy your drink tickets at the Information Desk in the first floor lobby. Or, save time and pre-purchase drink tickets now. All alcoholic drinks are $6 (tax included). Buy Drink Tickets First &amp; Fourth Floors $6 Bottled beer: White Street\u00a0Kolsch, Lonerider Saloon Pilsner, Bold Rock Carolina Apple, Southern Tier Nu&#8230; <a class=\"read-more\" href=\"https:\/\/naturalsciences.org\/calendar\/throwback-thursday-90s-food-and-drink\/\">Read More ><\/a><\/p>\n","protected":false},"author":2,"featured_media":0,"parent":0,"menu_order":0,"comment_status":"closed","ping_status":"closed","template":"throwback-thursday.php","meta":{"_links_to":"","_links_to_target":""},"acf":[],"_links":{"self":[{"href":"https:\/\/naturalsciences.org\/calendar\/wp-json\/wp\/v2\/pages\/14790"}],"collection":[{"href":"https:\/\/naturalsciences.org\/calendar\/wp-json\/wp\/v2\/pages"}],"about":[{"href":"https:\/\/naturalsciences.org\/calendar\/wp-json\/wp\/v2\/types\/page"}],"author":[{"embeddable":true,"href":"https:\/\/naturalsciences.org\/calendar\/wp-json\/wp\/v2\/users\/2"}],"replies":[{"embeddable":true,"href":"https:\/\/naturalsciences.org\/calendar\/wp-json\/wp\/v2\/comments?post=14790"}],"version-history":[{"count":0,"href":"https:\/\/naturalsciences.org\/calendar\/wp-json\/wp\/v2\/pages\/14790\/revisions"}],"wp:attachment":[{"href":"https:\/\/naturalsciences.org\/calendar\/wp-json\/wp\/v2\/media?parent=14790"}],"curies":[{"name":"wp","href":"https:\/\/api.w.org\/{rel}","templated":true}]}}