{"id":112269,"date":"2025-06-26T11:49:50","date_gmt":"2025-06-26T15:49:50","guid":{"rendered":"https:\/\/naturalsciences.org\/calendar\/?page_id=112269"},"modified":"2025-07-09T14:13:17","modified_gmt":"2025-07-09T18:13:17","slug":"voluntarios-dia-de-la-ciencia-y-la-cultura","status":"publish","type":"page","link":"https:\/\/naturalsciences.org\/calendar\/voluntarios-dia-de-la-ciencia-y-la-cultura\/","title":{"rendered":"Voluntarios &#8211; D\u00eda de la Ciencia y la Cultura"},"content":{"rendered":"<h2><a href=\"https:\/\/naturalsciences.org\/calendar\/event\/dia-de-la-ciencia-y-la-cultura-2\/\">D\u00eda de la Ciencia y la Cultura<\/a><\/h2>\n<h2><strong><a href=\"https:\/\/naturalsciences.org\/calendar\/activities-dia-de-la-ciencia-y-la-cultura\/\">Exhibiciones y Actividades<\/a><\/strong>\u00a0|\u00a0<strong><a href=\"https:\/\/naturalsciences.org\/calendar\/activities-dia-de-la-ciencia-y-la-cultura\/#English\">Exhibits &amp; Activities<\/a><\/strong><\/h2>\n<h2><strong><a href=\"https:\/\/naturalsciences.org\/calendar\/accesibilidad-dia-de-la-ciencia-y-la-cultura\">Accesibilidad<\/a> | <a href=\"https:\/\/naturalsciences.org\/calendar\/accesibilidad-dia-de-la-ciencia-y-la-cultura\/#AccessibilityEnglish\">Accessibility<\/a><\/strong><\/h2>\n<h2><strong>Voluntarios | <a href=\"https:\/\/naturalsciences.org\/calendar\/voluntarios-dia-de-la-ciencia-y-la-cultura\/#volunteers\">Volunteers<\/a><\/strong><\/h2>\n<h2><strong><a href=\"https:\/\/naturalsciences.org\/calendar\/presentaciones-dia-de-la-ciencia-y-la-cultura-2\/\">Presentaciones<\/a> | <a href=\"https:\/\/naturalsciences.org\/calendar\/presentaciones-dia-de-la-ciencia-y-la-cultura-2\/#English\">Presentations<\/a><\/strong><\/h2>\n<hr \/>\n<h3><strong>Voluntarios<\/strong><\/h3>\n<p>\u00bfQuieres formar parte de nuestro equipo del D\u00eda de la Ciencia y la Cultura? \u00a1Participa como voluntario con nosotros! Existen muchas actividades para nuestros voluntarios, desde la log\u00edstica (ayuda con la colocaci\u00f3n y la recogida de las estaciones, servicio de comidas, conteo de visitantes, venta de camisetas, etc.), hasta participar en estaciones educativas, de manualidades y actividades para ni\u00f1os. \u00a1Una manera muy divertida de conocer a fondo el evento! Los voluntarios que trabajan dos o m\u00e1s turnos reciben almuerzo gratis.<\/p>\n<p>Para ser voluntario hay que tener al menos 13 a\u00f1os de edad. Si tienes entre 10 y 13 a\u00f1os, puedes ser voluntario pero deber\u00e1s estar acompa\u00f1ado en todo momento de uno de tus progenitores o tutores (el formulario deber\u00e1 rellenarlo el adulto).<\/p>\n<p>\u00bfTienes preguntas? Ponte en contacto con\u00a0<a href=\"mailto:hugo.romero@naturalsciences.org\"><strong>Hugo Romero<\/strong><\/a>.<\/p>\n<p><strong>NOTA: No es necesario ser biling\u00fce para participar como voluntario.<\/strong><\/p>\n<p><strong><a href=\"https:\/\/app.smartsheet.com\/b\/form\/8b53a2674e5043fc80b0e051082ba29d\">Formulario para Voluntarios<\/a><\/strong><\/p>\n<hr id=\"volunteers\" \/>\n<h3><strong>Volunteers<\/strong><\/h3>\n<p>Want to be part of D\u00eda de la Ciencia y la Cultura? Volunteer with us! Volunteer jobs span logistics, running educational stations, kids\u2019 crafts, and other activities! It\u2019s loads of fun and you get an in-depth experience of the event! Volunteers who work two or more shifts get free lunch.<\/p>\n<p>Volunteers must be at least 13 years old to volunteer without a parent. Volunteers must be at least 10 years old to volunteer with a parent (please have your parent\/guardian fill out the form with you).<\/p>\n<p>Questions? Contact\u00a0<a href=\"mailto:hugo.romero@naturalsciences.org\"><strong>Hugo Romero<\/strong><\/a>.<\/p>\n<p><strong>NOTE: It is not necessary to be bilingual to participate as a volunteer.<\/strong><\/p>\n<p><strong><a href=\"https:\/\/app.smartsheet.com\/b\/form\/8b53a2674e5043fc80b0e051082ba29d\">Volunteer Form<\/a><\/strong><\/p>\n","protected":false},"excerpt":{"rendered":"<p>D\u00eda de la Ciencia y la Cultura Exhibiciones y Actividades\u00a0|\u00a0Exhibits &amp; Activities Accesibilidad | Accessibility Voluntarios | Volunteers Presentaciones | Presentations Voluntarios \u00bfQuieres formar parte de nuestro equipo del D\u00eda de la Ciencia y la Cultura? \u00a1Participa como voluntario con nosotros! Existen muchas actividades para nuestros voluntarios, desde la log\u00edstica (ayuda con la colocaci\u00f3n y&#8230; <a class=\"read-more\" href=\"https:\/\/naturalsciences.org\/calendar\/voluntarios-dia-de-la-ciencia-y-la-cultura\/\">Read More ><\/a><\/p>\n","protected":false},"author":60,"featured_media":0,"parent":0,"menu_order":0,"comment_status":"closed","ping_status":"closed","template":"","meta":{"_links_to":"","_links_to_target":""},"acf":[],"_links":{"self":[{"href":"https:\/\/naturalsciences.org\/calendar\/wp-json\/wp\/v2\/pages\/112269"}],"collection":[{"href":"https:\/\/naturalsciences.org\/calendar\/wp-json\/wp\/v2\/pages"}],"about":[{"href":"https:\/\/naturalsciences.org\/calendar\/wp-json\/wp\/v2\/types\/page"}],"author":[{"embeddable":true,"href":"https:\/\/naturalsciences.org\/calendar\/wp-json\/wp\/v2\/users\/60"}],"replies":[{"embeddable":true,"href":"https:\/\/naturalsciences.org\/calendar\/wp-json\/wp\/v2\/comments?post=112269"}],"version-history":[{"count":0,"href":"https:\/\/naturalsciences.org\/calendar\/wp-json\/wp\/v2\/pages\/112269\/revisions"}],"wp:attachment":[{"href":"https:\/\/naturalsciences.org\/calendar\/wp-json\/wp\/v2\/media?parent=112269"}],"curies":[{"name":"wp","href":"https:\/\/api.w.org\/{rel}","templated":true}]}}