{"id":112265,"date":"2025-06-26T11:51:23","date_gmt":"2025-06-26T15:51:23","guid":{"rendered":"https:\/\/naturalsciences.org\/calendar\/?page_id=112265"},"modified":"2025-07-09T14:11:58","modified_gmt":"2025-07-09T18:11:58","slug":"accesibilidad-dia-de-la-ciencia-y-la-cultura","status":"publish","type":"page","link":"https:\/\/naturalsciences.org\/calendar\/accesibilidad-dia-de-la-ciencia-y-la-cultura\/","title":{"rendered":"Accesibilidad &#8211; D\u00eda de la Ciencia y la Cultura"},"content":{"rendered":"<h2><a href=\"https:\/\/naturalsciences.org\/calendar\/event\/dia-de-la-ciencia-y-la-cultura-2\/\">D\u00eda de la Ciencia y la Cultura<\/a><\/h2>\n<h2><strong><a href=\"https:\/\/naturalsciences.org\/calendar\/activities-dia-de-la-ciencia-y-la-cultura\/\">Exhibiciones y Actividades<\/a><\/strong>\u00a0|\u00a0<strong><a href=\"https:\/\/naturalsciences.org\/calendar\/activities-dia-de-la-ciencia-y-la-cultura\/#English\">Exhibits &amp; Activities<\/a><\/strong><\/h2>\n<h2><strong>Accesibilidad | <a href=\"https:\/\/naturalsciences.org\/calendar\/accesibilidad-dia-de-la-ciencia-y-la-cultura\/#AccessibilityEnglish\">Accessibility<\/a><\/strong><\/h2>\n<h2><strong><a href=\"https:\/\/naturalsciences.org\/calendar\/voluntarios-dia-de-la-ciencia-y-la-cultura\/\">Voluntarios<\/a> | <a href=\"https:\/\/naturalsciences.org\/calendar\/voluntarios-dia-de-la-ciencia-y-la-cultura\/#volunteers\">Volunteers<\/a><\/strong><\/h2>\n<h2><strong><a href=\"https:\/\/naturalsciences.org\/calendar\/presentaciones-dia-de-la-ciencia-y-la-cultura-2\/\">Presentaciones<\/a> | <a href=\"https:\/\/naturalsciences.org\/calendar\/presentaciones-dia-de-la-ciencia-y-la-cultura-2\/#English\">Presentations<\/a><\/strong><\/h2>\n<hr \/>\n<h3><strong>Accesibilidad<\/strong><\/h3>\n<h4><strong>Gu\u00edas para personas con discapacidad visual<\/strong><\/h4>\n<p>Por favor, reg\u00edstrate con antelaci\u00f3n para un gu\u00eda para personas con discapacidad visual antes del viernes 18 de julio a las 5pm horas poni\u00e9ndote en contacto con Samantha Frigerio en el 919.707.9824 o\u00a0<a href=\"mailto:Samantha.Frigerio@naturalsciences.org\">Samantha.Frigerio@naturalsciences.org<\/a>. Proporciona tu nombre y apellidos y el tiempo para el cual necesitar\u00e1s tu gu\u00eda.<\/p>\n<h4><strong>Int\u00e9rpretes de lenguaje de signos americano (ASL)<\/strong><\/h4>\n<p>Puedes solicitar un int\u00e9rprete de lenguaje de signos americano (ASL) a m\u00e1s tardar el viernes 11 de julio a las 5pm horas poni\u00e9ndote en contacto con Samantha Frigerio en el 919.707.9824 o\u00a0<a href=\"mailto:Samantha.Frigerio@naturalsciences.org\">Samantha.Frigerio@naturalsciences.org<\/a>.<\/p>\n<h4><strong>Dispositivos de escucha asistida (ALD)<\/strong><\/h4>\n<p>Los dispositivos de escucha asistida est\u00e1n disponibles a petici\u00f3n por orden de llegada. Para reservar un dispositivo, por favor ponte en contacto con Samantha Frigerio en el 919.707.9824 o\u00a0<a href=\"mailto:Samantha.Frigerio@naturalsciences.org\">Samantha.Frigerio@naturalsciences.org<\/a>. Proporciona tu nombre y apellidos y el tiempo para el cual necesitar\u00e1s un ALD. El n\u00famero de dispositivos es limitado, as\u00ed que reserva los ALDs lo antes posible.<\/p>\n<hr id=\"AccessibilityEnglish\" \/>\n<h3><strong>Accessibility <\/strong><\/h3>\n<h4><strong>Sighted guides<\/strong><\/h4>\n<p>Please pre-register for a sighted guide by Friday, July 18 at 5pm by contacting Samantha Frigerio at 919.707.9824 or\u00a0<a href=\"mailto:Samantha.Frigerio@naturalsciences.org\">Samantha.Frigerio@naturalsciences.org<\/a>. Provide your first and last name and the time for which you will need your sighted guide.<\/p>\n<h4><strong>ASL Interpreters<\/strong><\/h4>\n<p>You may request an ASL interpreter no later than Friday, July 11 at 5pm by contacting Samantha Frigerio at 919.707.9824 or\u00a0<a href=\"mailto:Samantha.Frigerio@naturalsciences.org\">Samantha.Frigerio@naturalsciences.org<\/a>.<\/p>\n<h4><strong>Assisted Listening Devices (ALDs)<\/strong><\/h4>\n<p>Assisted Listening Devices are available upon request on a first-come first-served basis. To reserve a device, please contact Samantha Frigerio at 919.707.9824 or <a href=\"mailto:Samantha.Frigerio@naturalsciences.org\">Samantha.Frigerio@naturalsciences.org<\/a>. Provide your first and last name and the time for which you will need an ALD. Numbers are limited so reserve ALDs as early as possible.<\/p>\n","protected":false},"excerpt":{"rendered":"<p>D\u00eda de la Ciencia y la Cultura Exhibiciones y Actividades\u00a0|\u00a0Exhibits &amp; Activities Accesibilidad | Accessibility Voluntarios | Volunteers Presentaciones | Presentations Accesibilidad Gu\u00edas para personas con discapacidad visual Por favor, reg\u00edstrate con antelaci\u00f3n para un gu\u00eda para personas con discapacidad visual antes del viernes 18 de julio a las 5pm horas poni\u00e9ndote en contacto con&#8230; <a class=\"read-more\" href=\"https:\/\/naturalsciences.org\/calendar\/accesibilidad-dia-de-la-ciencia-y-la-cultura\/\">Read More ><\/a><\/p>\n","protected":false},"author":60,"featured_media":0,"parent":0,"menu_order":0,"comment_status":"closed","ping_status":"closed","template":"","meta":{"_links_to":"","_links_to_target":""},"acf":[],"_links":{"self":[{"href":"https:\/\/naturalsciences.org\/calendar\/wp-json\/wp\/v2\/pages\/112265"}],"collection":[{"href":"https:\/\/naturalsciences.org\/calendar\/wp-json\/wp\/v2\/pages"}],"about":[{"href":"https:\/\/naturalsciences.org\/calendar\/wp-json\/wp\/v2\/types\/page"}],"author":[{"embeddable":true,"href":"https:\/\/naturalsciences.org\/calendar\/wp-json\/wp\/v2\/users\/60"}],"replies":[{"embeddable":true,"href":"https:\/\/naturalsciences.org\/calendar\/wp-json\/wp\/v2\/comments?post=112265"}],"version-history":[{"count":0,"href":"https:\/\/naturalsciences.org\/calendar\/wp-json\/wp\/v2\/pages\/112265\/revisions"}],"wp:attachment":[{"href":"https:\/\/naturalsciences.org\/calendar\/wp-json\/wp\/v2\/media?parent=112265"}],"curies":[{"name":"wp","href":"https:\/\/api.w.org\/{rel}","templated":true}]}}