{"id":112211,"date":"2025-06-23T15:45:52","date_gmt":"2025-06-23T19:45:52","guid":{"rendered":"https:\/\/naturalsciences.org\/calendar\/?page_id=112211"},"modified":"2025-07-23T06:53:22","modified_gmt":"2025-07-23T10:53:22","slug":"activities-dia-de-la-ciencia-y-la-cultura","status":"publish","type":"page","link":"https:\/\/naturalsciences.org\/calendar\/activities-dia-de-la-ciencia-y-la-cultura\/","title":{"rendered":"ACTIVITIES \u2013 D\u00edA DE LA CIENCIA Y LA CULTURA"},"content":{"rendered":"<h2><a href=\"https:\/\/naturalsciences.org\/calendar\/event\/dia-de-la-ciencia-y-la-cultura-2\/\">D\u00eda de la Ciencia y la Cultura<\/a><\/h2>\n<h2><strong>Exhibiciones y Actividades<\/strong>\u00a0|\u00a0<strong><a href=\"https:\/\/naturalsciences.org\/calendar\/activities-dia-de-la-ciencia-y-la-cultura\/#English\">Exhibits &amp; Activities<\/a><\/strong><\/h2>\n<h2><strong><a href=\"https:\/\/naturalsciences.org\/calendar\/accesibilidad-dia-de-la-ciencia-y-la-cultura\/\">Accesibilidad<\/a> |\u00a0<a href=\"https:\/\/naturalsciences.org\/calendar\/accesibilidad-dia-de-la-ciencia-y-la-cultura\/#AccessibilityEnglish\">Accessibility<\/a><\/strong><\/h2>\n<h2><strong><a href=\"https:\/\/naturalsciences.org\/calendar\/voluntarios-dia-de-la-ciencia-y-la-cultura\/\">Voluntarios<\/a>\u00a0|\u00a0<a href=\"https:\/\/naturalsciences.org\/calendar\/voluntarios-dia-de-la-ciencia-y-la-cultura\/#volunteers\">Volunteers<\/a><\/strong><\/h2>\n<h2><strong><a href=\"https:\/\/naturalsciences.org\/calendar\/presentaciones-dia-de-la-ciencia-y-la-cultura-2\/\">Presentaciones<\/a> | <a href=\"https:\/\/naturalsciences.org\/calendar\/presentaciones-dia-de-la-ciencia-y-la-cultura-2\/#English\">Presentations<\/a><\/strong><\/h2>\n<p>&nbsp;<\/p>\n<hr id=\"Spanish\" \/>\n<h3><img decoding=\"async\" loading=\"lazy\" class=\"alignnone size-large wp-image-112286\" src=\"https:\/\/naturalsciences.org\/calendar\/wp-content\/uploads\/2025\/06\/2024_08_03_NCMNS_Science-Day-53-1024x683.jpg\" alt=\"a young boy pets a nonvenomous snake during a science program\" width=\"1024\" height=\"683\" srcset=\"https:\/\/naturalsciences.org\/calendar\/wp-content\/uploads\/2025\/06\/2024_08_03_NCMNS_Science-Day-53-1024x683.jpg 1024w, https:\/\/naturalsciences.org\/calendar\/wp-content\/uploads\/2025\/06\/2024_08_03_NCMNS_Science-Day-53-300x200.jpg 300w, https:\/\/naturalsciences.org\/calendar\/wp-content\/uploads\/2025\/06\/2024_08_03_NCMNS_Science-Day-53-500x333.jpg 500w, https:\/\/naturalsciences.org\/calendar\/wp-content\/uploads\/2025\/06\/2024_08_03_NCMNS_Science-Day-53-768x512.jpg 768w, https:\/\/naturalsciences.org\/calendar\/wp-content\/uploads\/2025\/06\/2024_08_03_NCMNS_Science-Day-53-1536x1024.jpg 1536w, https:\/\/naturalsciences.org\/calendar\/wp-content\/uploads\/2025\/06\/2024_08_03_NCMNS_Science-Day-53-2048x1365.jpg 2048w\" sizes=\"(max-width: 1024px) 100vw, 1024px\" \/><\/h3>\n<p><a class=\"btn btn-primary\" href=\"https:\/\/naturalsciences.org\/calendar\/wp-content\/uploads\/2025\/07\/DCC25-Floor-Guide-Map-for-distribution.pdf\">Mapa del Piso del Event<\/a><\/p>\n<h3>\u00c1rbol Geneal\u00f3gico<\/h3>\n<p><em>Artspace<br \/>\n<\/em>Crea tu propio \u00e1rbol geneal\u00f3gico usando arte en papel para celebrar la historia de tu familia.<em><br \/>\n<\/em><\/p>\n<h3>Lego Space Day<\/h3>\n<p><em>Bricks &amp; Minifigs Downtown Raleigh<\/em><br \/>\n\u00a1Despega hacia la ingenier\u00eda aeroespacial a trav\u00e9s del mundo de LEGO!<\/p>\n<h3>Galer\u00eda de Arte<\/h3>\n<p><em>Diamante Arts &amp; Culture<\/em><br \/>\nDisfruta de incre\u00edbles obras creadas por talentosos artistas latinos e hispanos y aprovecha la oportunidad de conocerlos en persona.<\/p>\n<h3>La Ciencia a trav\u00e9s de la Lectura<\/h3>\n<p><em>Consulado General de M\u00e9xico en Raleigh<\/em><br \/>\nLos ni\u00f1os pueden disfrutar de libros en espa\u00f1ol, as\u00ed como de libros biling\u00fces.<\/p>\n<h3>Plott&#8217;s Tales and Trails: Aventuras con Carolina<\/h3>\n<p><em>DNCR-Education Outreach<\/em><br \/>\n\u00a1Navega como una mariposa! Toma una br\u00fajula y piensa como una mariposa para llegar a tu destino.<\/p>\n<h3>El Museo de los Ni\u00f1os Marbles<\/h3>\n<p><em>Marbles Kids Museum<\/em><br \/>\n\u00a1Nuestros amigos del museo vecino vienen para hacernos disfrutar de actividades interactivas y pr\u00e1cticas!<\/p>\n<h3>Alebrijes<\/h3>\n<p><em>La Casa del Arte<\/em><br \/>\nDibuja y colorea tus propios alebrijes, criaturas fant\u00e1sticas del arte popular mexicano.<\/p>\n<h3>LCC Presenta<\/h3>\n<p><em>Lenoir Community College<\/em><br \/>\nConoce las oportunidades educativas en ciencias y tecnolog\u00eda.<\/p>\n<h3>La Magia del Magnetismo<\/h3>\n<p><em>Maracas Montessori<\/em><br \/>\n\u00a1Descubre la magia del magnetismo gracias a la ciencia!<\/p>\n<h3>El Bosque Eterno de los Ni\u00f1os<\/h3>\n<p><em>Maracas Montessori<\/em><br \/>\nDescubre c\u00f3mo es visitar el Bosque Eterno de los Ni\u00f1os en Costa Rica.<\/p>\n<h3>Las Estrellas y El Cielo<\/h3>\n<p><em>Morehead Planetarium and Science Center<\/em><br \/>\nDespega con actividades sobre el espacio exterior y las estrellas.<\/p>\n<h3>Experimentos Divertidos<\/h3>\n<p><em>Museum of Life and Science<\/em><br \/>\n\u00a1\u00danete a nosotros en actividades pr\u00e1cticas donde crearemos y exploraremos el papel picado y las formas en que los cient\u00edficos capturan im\u00e1genes del espacio exterior!<\/p>\n<h3>Exoplanetas<\/h3>\n<p><em>NASA\/JPL Solar System Ambassadors<\/em><br \/>\nDescubre c\u00f3mo los cient\u00edficos de la NASA estudian nuevos mundos y estrellas distantes que est\u00e1n a a\u00f1os luz.<\/p>\n<h3>Conoce a los Animales<\/h3>\n<p><em>NCMNS &#8211; Living Collections\u00a0<\/em><br \/>\nHabla con nuestro personal sobre algunas de las fascinantes especies de Am\u00e9rica Central y del Sur que viven en el Museo, destacando a nuestro \u201cfavorito\u201d, el ajolote. \u00a1Toca una serpiente viva!<\/p>\n<h3>Pol\u00edmetros y Caminos: Uniendo la Exploraci\u00f3n STEM con los Recursos de Carolina del Norte<\/h3>\n<p><em>NC Department of Commerce<\/em><br \/>\nParticipa en una divertida actividad cient\u00edfica mientras aprendes sobre los recursos y beneficios estatales de desempleo.<\/p>\n<h3>Conociendo Mis Dientes<\/h3>\n<p><em>NC Dept of Health and Human Services<\/em><br \/>\nConoce los recursos y herramientas dentales para ni\u00f1os y j\u00f3venes con discapacidades.<\/p>\n<h3>NC Digs!: Arqueolog\u00eda en el Estado de Carolina del Norte<\/h3>\n<p><em>NC Office of State Archaeology<\/em><br \/>\nEsta exhibici\u00f3n presenta la arqueolog\u00eda a estudiantes de todas las edades, incluyendo artefactos seleccionados en los laboratorios de conservaci\u00f3n.<\/p>\n<h3>Tu Portal STEM: Conectando a Estudiantes Hispanos con Oportunidades en STEM<\/h3>\n<p><em>NC Society of Hispanic Professionals<\/em><br \/>\nAprende c\u00f3mo \u201cTu Portal STEM\u201d puede ayudarte a acceder a informaci\u00f3n sobre educaci\u00f3n, carreras, programas y oportunidades en Ciencia, Tecnolog\u00eda, Ingenier\u00eda y Matem\u00e1ticas.<\/p>\n<h3>Prehistoria de Latinoam\u00e9rica<\/h3>\n<p><em>NCSU &#8211; Biology Department<\/em><br \/>\nDescubre criaturas prehist\u00f3ricas que alguna vez habitaron Am\u00e9rica Latina \u2014desde la vida antes de los dinosaurios hasta los gigantes de la Edad de Hielo.<\/p>\n<h3>Explorando la Ingenier\u00eda Qu\u00edmica<\/h3>\n<p><em>NCSU &#8211; Chemical Engineering Department<\/em><br \/>\nDemostraciones interactivas sobre c\u00f3mo los materiales cotidianos se relacionan con la ingenier\u00eda qu\u00edmica.<\/p>\n<h3>Reptiles y Anfibios de Carolina del Norte<\/h3>\n<p><em>North Carolina Herpetological Society<\/em><br \/>\nPon a prueba tus conocimientos para identificar serpientes y aprende todo sobre las muchas especies de reptiles y anfibios nativos de Carolina del Norte.<\/p>\n<h3>El Arte de Te\u00f1ir con Insectos<\/h3>\n<p><em>North Carolina Museum of Art<\/em><br \/>\nCrea tinta usando insectos cochinilla, una t\u00e9cnica utilizada durante siglos en el arte y los textiles. Aprende sobre el proceso de te\u00f1ido y hasta lleva muestras a casa.<\/p>\n<h3>El Centro Hispano en Acci\u00f3n<\/h3>\n<p><em>El Centro Hispano<\/em><br \/>\nDescubre sobre los Servicios y Oportunidades para nuestras familias.<\/p>\n<h3>Artesan\u00edas Mexicanas<\/h3>\n<p><em>Amantolli Handicraft<\/em><br \/>\nAprende a realizar flores de papel t\u00edpicas de M\u00e9xico.<\/p>\n<h3>Laboratorios P\u00fablicos Biling\u00fces<\/h3>\n<p><em>NCMNS &#8211; Education\u00a0<\/em><br \/>\nDisfruta de todas nuestras actividades en los laboratorios p\u00fablicos tanto en ingl\u00e9s como en espa\u00f1ol. El Centro Naturalista, Laboratorio Visual, Laboratorio de Investigaci\u00f3n y la Sala del Descubrimiento ofrecer\u00e1n actividades espec\u00edficas para cada espacio en ambos idiomas.<\/p>\n<h3>Todo Sobre las Mariposas<\/h3>\n<p><em>NCMNS &#8211; Living Collections<\/em><br \/>\nAprende sobre la historia natural de las mariposas, incluyendo su ciclo de vida, anatom\u00eda, alimentaci\u00f3n y mucho m\u00e1s.<\/p>\n<h3>Espacio Tranquilo<\/h3>\n<p><em>NCMNS &#8211; Education<\/em><br \/>\nT\u00f3mate un descanso en nuestro espacio tranquilo. Tambi\u00e9n tendremos herramientas sensoriales, p\u00e1ginas para colorear y aud\u00edfonos con cancelaci\u00f3n de ruido.<\/p>\n<h3>El Estudio de Aves: Muertas o Vivas<\/h3>\n<p><em>Ornithology Unit, NCMNS<\/em><br \/>\nExplora espec\u00edmenes como pieles de estudio, alas y huesos. Aprende c\u00f3mo los usamos para estudiar aves migratorias en todo el continente americano.<\/p>\n<h3>Todo sobre los Bluehead Chubs<\/h3>\n<p><em>NCMNS &#8211; Ichthyology Unit<\/em><br \/>\n\u00a1Aprende sobre una especie clave local en nuestros arroyos: el fabuloso bluehead chub!<\/p>\n<h3>Libros Infantiles y Kits de Ciencia<\/h3>\n<p><em>PaperPie<\/em><br \/>\nDisfruta una demostraci\u00f3n sobre la fuerza de la fricci\u00f3n y explora libros de ciencia (algunos en espa\u00f1ol) y kits disponibles para comprar.<\/p>\n<h3>La Ciencia y T\u00fa<\/h3>\n<p><em>Red Global MX, Raleigh Chapter<\/em><br \/>\nDescubre c\u00f3mo la ciencia est\u00e1 a tu alrededor y te ayuda en tu vida diaria.<\/p>\n<h3>Los Pulmones y el Medio Ambiente<\/h3>\n<p><em>RTI International<\/em><br \/>\nAprende c\u00f3mo funcionan nuestros pulmones y c\u00f3mo los afecta el medio ambiente.<\/p>\n<h3>Compartiendo Cultura a trav\u00e9s del Baile<\/h3>\n<p><em>Takiri Academy<\/em><br \/>\nDisfruta de presentaciones de baile que muestran la cultura latina, \u00a1y hasta aprende algunos pasos t\u00fa mismo!<\/p>\n<h3>Investigaci\u00f3n Biol\u00f3gica<\/h3>\n<p><em>UNC Chapel Hill<\/em><br \/>\nAprende c\u00f3mo los ni\u00f1os pueden involucrarse en estudios cient\u00edficos desde la secundaria hasta la preparatoria, junto con divertidos experimentos de ciencia.<\/p>\n<h3>Empoderando a los Padres: Talleres Multiling\u00fces Para Apoyar el \u00c9xito Acad\u00e9mico de los Ni\u00f1os<\/h3>\n<p><em>Wake County Public Schools<\/em><br \/>\nObt\u00e9n las herramientas para apoyar el \u00e9xito acad\u00e9mico de tu hijo con talleres educativos para madres, padres y cuidadores en ocho idiomas diferentes.<\/p>\n<h3>Recursos para la Educaci\u00f3n de la Primera Infancia<\/h3>\n<p><em>Wake County Smart Start<\/em><br \/>\nConoce los recursos de educaci\u00f3n infantil temprana para familias en el condado de Wake, \u00a1como pre-k\u00ednder gratuito!<\/p>\n<h3>Cultura Mexicana de Flor de Hidalgo<\/h3>\n<p><em>Flor de Hidalgo Arts and Culture<\/em><br \/>\nExplora una colorida exhibici\u00f3n de indumentaria tradicional mexicana que celebra la rica herencia y diversidad regional del pa\u00eds.<\/p>\n<h3>\u00bfDe qu\u00e9 est\u00e1n hechas las Estrellas?<\/h3>\n<p><em>Western Carolina University<\/em><br \/>\nUsa un espectroscopio para ver el espectro de luz de diferentes gases de la misma forma como los astr\u00f3nomos examinan la luz de las estrellas.<\/p>\n<hr id=\"English\" \/>\n<h2><img decoding=\"async\" loading=\"lazy\" class=\"alignnone size-large wp-image-112287\" src=\"https:\/\/naturalsciences.org\/calendar\/wp-content\/uploads\/2025\/06\/2024_08_03_NCMNS_Science-Day-64-1024x683.jpg\" alt=\"two young women view slides under a microscope\" width=\"1024\" height=\"683\" srcset=\"https:\/\/naturalsciences.org\/calendar\/wp-content\/uploads\/2025\/06\/2024_08_03_NCMNS_Science-Day-64-1024x683.jpg 1024w, https:\/\/naturalsciences.org\/calendar\/wp-content\/uploads\/2025\/06\/2024_08_03_NCMNS_Science-Day-64-300x200.jpg 300w, https:\/\/naturalsciences.org\/calendar\/wp-content\/uploads\/2025\/06\/2024_08_03_NCMNS_Science-Day-64-500x333.jpg 500w, https:\/\/naturalsciences.org\/calendar\/wp-content\/uploads\/2025\/06\/2024_08_03_NCMNS_Science-Day-64-768x512.jpg 768w, https:\/\/naturalsciences.org\/calendar\/wp-content\/uploads\/2025\/06\/2024_08_03_NCMNS_Science-Day-64-1536x1024.jpg 1536w, https:\/\/naturalsciences.org\/calendar\/wp-content\/uploads\/2025\/06\/2024_08_03_NCMNS_Science-Day-64-2048x1365.jpg 2048w\" sizes=\"(max-width: 1024px) 100vw, 1024px\" \/><\/h2>\n<p><a class=\"btn btn-primary\" href=\"https:\/\/naturalsciences.org\/calendar\/wp-content\/uploads\/2025\/07\/DCC25-Floor-Guide-Map-for-distribution.pdf\">Event Floor Map<\/a><\/p>\n<h2>Exhibits &amp; Activities<\/h2>\n<h3>Family Tree<\/h3>\n<p><em>Artspace<\/em><br \/>\nCreate your very own family tree using paper art to celebrate your family lineage.<\/p>\n<h3>Lego Space Day<\/h3>\n<p><em>Bricks &amp; Minifigs Downtown Raleigh<\/em><br \/>\nBlast off into aerospace engineering through the world of LEGO!<\/p>\n<h3>Art Gallery<\/h3>\n<p><em>Diamante Arts &amp; Culture<\/em><br \/>\nEnjoy incredible works created by talented Latino and Hispanic artists, and take the opportunity to meet them in person.<\/p>\n<h3>Science through Reading<\/h3>\n<p><em>Consulado General de M\u00e9xico en Raleigh<\/em><br \/>\nChildren can enjoy books in Spanish as well as bilingual books.<\/p>\n<h3>Plott&#8217;s Tales and Trails: Adventures with Caroline<\/h3>\n<p><em>DNCR-Education Outreach<\/em><br \/>\nNavigate like a butterfly! Grab a compass and think like a butterfly to get to your destination.<\/p>\n<h3>Marbles Kids Museum<\/h3>\n<p><em>Marbles Kids Museum<\/em><br \/>\nOur friends down the street are coming over to our museum for some interactive, hands-on play!<\/p>\n<h3>Alebrijes<\/h3>\n<p><em>La Casa del Arte<\/em><br \/>\nDraw and color your own alebrijes\u2014 fantastical creatures from Mexican folk art.<\/p>\n<h3>LCC Presents<\/h3>\n<p><em>Lenoir Community College<\/em><br \/>\nLearn about education opportunities in the sciences and technology.<\/p>\n<h3>The Magic of Magnetism<\/h3>\n<p><em>Maracas Montessori<\/em><br \/>\nPull back the curtain on the magic of magnetism, thanks to science!<\/p>\n<h3>Eternal Forest of the Children<\/h3>\n<p><em>Maracas Montessori<\/em><br \/>\nSee what it&#8217;s like to visit the Children\u2019s Eternal Forest in Costa Rica.<\/p>\n<h3>The Stars and the Sky<\/h3>\n<p><em>Morehead Planetarium and Science Center<\/em><br \/>\nLaunch into activities around outer space and the stars.<\/p>\n<h3>Fun Experiments<\/h3>\n<p><em>Museum of Life and Science<\/em><br \/>\nJoin us for some hands-on activities where we&#8217;ll create and explore papel picado and the ways scientists take images of outer space!<\/p>\n<h3>Exoplanets<\/h3>\n<p><em>NASA\/JPL Solar System Ambassadors<\/em><br \/>\nDiscover how NASA scientists study new worlds and distant stars that are light-years away.<\/p>\n<h3>Meet the Animals<\/h3>\n<p><em>NCMNS &#8211; Living Collections<\/em><br \/>\nChat with our staff about some of the fascinating Central and South American species kept at the Museum, featuring our \u201cfan-favorite\u201d axolotl. Touch a live snake!<\/p>\n<h3>Polymeters &amp; Pathways: Uniting STEM Exploration with NC Resources<\/h3>\n<p><em>NC Department of Commerce<\/em><br \/>\nEngage in a fun science activity while gaining insight into state unemployment resources and benefits.<\/p>\n<h3>Getting To Know My Teeth<\/h3>\n<p><em>NC Dept of Health and Human Services<\/em><br \/>\nLearn about dental resources and tools for children and youth with disabilities.<\/p>\n<h3>NC Digs!: Archeology in North Carolina<\/h3>\n<p><em>NC Office of State Archaeology<\/em><br \/>\nThis exhibit introduces students of any age to archaeology, including artifacts curated in the conservation labs.<\/p>\n<h3>Tu Portal\u00a0STEM: Connecting Hispanic Students with STEM Opportunities<\/h3>\n<p><em>NC Society of Hispanic Professionals<\/em><br \/>\nLearn how \u201cTu Portal STEM\u201d can help you access information on education, careers, programs, and opportunities in Science, Technology, Engineering, and Mathematics.<\/p>\n<h3>Prehistory of Latin America<\/h3>\n<p><em>NCSU &#8211; Biology Department<\/em><br \/>\nDiscover prehistoric creatures that once roamed Latin America\u2014from life before dinosaurs to the giants of the Ice Age.<\/p>\n<h3>Exploring Chemical Engineering<\/h3>\n<p><em>NCSU &#8211; Chemical Engineering Department<\/em><br \/>\nInteractive demonstrations on how everyday materials relate to chemical engineering.<\/p>\n<h3>Reptiles and Amphibians of North Carolina<\/h3>\n<p><em>North Carolina Herpetological Society<\/em><br \/>\nTest your snake identification knowledge and learn all about the many species of reptiles and amphibians native to North Carolina.<\/p>\n<h3>The Art of Dyeing with Insects<\/h3>\n<p><em>North Carolina Museum of Art<\/em><br \/>\nCreate dye using cochineal insects, a technique used for centuries in art and textiles. Learn about the dyeing process and even take samples home.<\/p>\n<h3>Bilingual Public Labs<\/h3>\n<p><em>NCMNS &#8211; Education<\/em><br \/>\nEnjoy all of our public lab activities in english and spanish. That&#8217;s right\u2014 the Naturalist Center, VisLab, Investigate Lab, and Discovery Room will have room-specific activities offered in both languages.<\/p>\n<h3>All About Butterlies<\/h3>\n<p><em>NCMNS &#8211; Living Collections<\/em><br \/>\nLearn about the natural history of butterflies, including their lifecycle, anatomy, diet, and more.<\/p>\n<h3>Quiet Space<\/h3>\n<p><em>NCMNS &#8211; Education\u00a0<\/em><br \/>\nTake a break in our quiet space. We&#8217;ll also have sensory tools, coloring pages, and noise-canceling headphones.<\/p>\n<h3>The Study of Birds: Dead or Alive<\/h3>\n<p><em>NCMNS &#8211; Ornithology Unit<\/em><br \/>\nCheck out specimens like study skins, wings, and bones. Learn how we use them for studying migratory birds across the Americas.<\/p>\n<h3>All About Bluehead Chubs<\/h3>\n<p><em>NCMNS &#8211; Ichthyology Unit<\/em><br \/>\nLearn about a local keystone species in our streams &#8211; the fabulous bluehead chub!<\/p>\n<h3>Children&#8217;s Books &amp; Science Kits<\/h3>\n<p><em>PaperPie<\/em><br \/>\nEnjoy a demonstration on the force of friction and explore science books (some in Spanish) and kits available for purchase.<\/p>\n<h3>Science and You<\/h3>\n<p><em>Red Global MX, Raleigh Chapter<\/em><br \/>\nEnjoy a demonstration on the force of friction and explore science books (some in Spanish) and kits available for purchase.<\/p>\n<h3>The Lungs and the Environment<\/h3>\n<p><em>RTI International<\/em><br \/>\nDiscover how science is all around you and helps in your daily life.<\/p>\n<h3>Sharing Culture Through Dance<\/h3>\n<p><em>Takiri Academy<\/em><br \/>\nEnjoy dance performances showcasing Latin culture, and even learn some steps yourself.<\/p>\n<h3>Biological Research<\/h3>\n<p><em>UNC Chapel Hill<\/em><br \/>\nLearn how kids can get involved in science studies from middle school to high school, along with fun science experiments.<\/p>\n<h3>Empowering Parents: Multilingual Workshops for Children\u2019s Academic Success<\/h3>\n<p><em>Wake County Public Schools<\/em><br \/>\nGet the tools to support your child\u2019s academic success with educational workshops for parents and caregivers in eight different languages.<\/p>\n<h3>Early Childhood Education Resources<\/h3>\n<p><em>Wake County Smart Start<\/em><br \/>\nLearn about early childhood education resources for families in Wake County, like free pre-k!<\/p>\n<h3>Flor de Hidalgo\u00b4s Mexican Culture<\/h3>\n<p><em>Flor de Hidalgo Arts and Culture<\/em><br \/>\nExplore a colorful exhibition of authentic Mexican attire that celebrates the rich heritage and regional diversity of the country.<\/p>\n<h3>What are stars made of?<\/h3>\n<p><em>Western Carolina University<\/em><br \/>\nUse a spectroscope to see the light spectrum of different gases\u2014just like astronomers do when they examine what stars of made of.<\/p>\n","protected":false},"excerpt":{"rendered":"<p>D\u00eda de la Ciencia y la Cultura Exhibiciones y Actividades\u00a0|\u00a0Exhibits &amp; Activities Accesibilidad |\u00a0Accessibility Voluntarios\u00a0|\u00a0Volunteers Presentaciones | Presentations &nbsp; Mapa del Piso del Event \u00c1rbol Geneal\u00f3gico Artspace Crea tu propio \u00e1rbol geneal\u00f3gico usando arte en papel para celebrar la historia de tu familia. Lego Space Day Bricks &amp; Minifigs Downtown Raleigh \u00a1Despega hacia la ingenier\u00eda&#8230; <a class=\"read-more\" href=\"https:\/\/naturalsciences.org\/calendar\/activities-dia-de-la-ciencia-y-la-cultura\/\">Read More ><\/a><\/p>\n","protected":false},"author":60,"featured_media":0,"parent":0,"menu_order":0,"comment_status":"closed","ping_status":"closed","template":"","meta":{"_links_to":"","_links_to_target":""},"acf":[],"_links":{"self":[{"href":"https:\/\/naturalsciences.org\/calendar\/wp-json\/wp\/v2\/pages\/112211"}],"collection":[{"href":"https:\/\/naturalsciences.org\/calendar\/wp-json\/wp\/v2\/pages"}],"about":[{"href":"https:\/\/naturalsciences.org\/calendar\/wp-json\/wp\/v2\/types\/page"}],"author":[{"embeddable":true,"href":"https:\/\/naturalsciences.org\/calendar\/wp-json\/wp\/v2\/users\/60"}],"replies":[{"embeddable":true,"href":"https:\/\/naturalsciences.org\/calendar\/wp-json\/wp\/v2\/comments?post=112211"}],"version-history":[{"count":0,"href":"https:\/\/naturalsciences.org\/calendar\/wp-json\/wp\/v2\/pages\/112211\/revisions"}],"wp:attachment":[{"href":"https:\/\/naturalsciences.org\/calendar\/wp-json\/wp\/v2\/media?parent=112211"}],"curies":[{"name":"wp","href":"https:\/\/api.w.org\/{rel}","templated":true}]}}