{"id":102612,"date":"2024-08-28T12:56:11","date_gmt":"2024-08-28T16:56:11","guid":{"rendered":"https:\/\/naturalsciences.org\/calendar\/?page_id=102612"},"modified":"2024-08-28T13:07:08","modified_gmt":"2024-08-28T17:07:08","slug":"magic-monsters-accessibility","status":"publish","type":"page","link":"https:\/\/naturalsciences.org\/calendar\/magic-monsters-accessibility\/","title":{"rendered":"Magic &#038; Monsters: Accessibility"},"content":{"rendered":"<div>\n<p><img decoding=\"async\" loading=\"lazy\" class=\"alignnone wp-image-102613\" src=\"https:\/\/naturalsciences.org\/calendar\/wp-content\/uploads\/2024\/08\/SocialAndExternalAds_Magic-and-Monsters_V2_NoLogo_1000x500.png\" alt=\"Text reads, &quot;Adult Nights Magic &amp; Monsters,&quot; with the letter &quot;o&quot; of &quot;monsters&quot; being an orange eyeball. Background is black. Foreground has an artistic wooden staff with a white gemstone shining. A dragon forms a circle around the gemstone.\" width=\"590\" height=\"295\" srcset=\"https:\/\/naturalsciences.org\/calendar\/wp-content\/uploads\/2024\/08\/SocialAndExternalAds_Magic-and-Monsters_V2_NoLogo_1000x500.png 1000w, https:\/\/naturalsciences.org\/calendar\/wp-content\/uploads\/2024\/08\/SocialAndExternalAds_Magic-and-Monsters_V2_NoLogo_1000x500-300x150.png 300w, https:\/\/naturalsciences.org\/calendar\/wp-content\/uploads\/2024\/08\/SocialAndExternalAds_Magic-and-Monsters_V2_NoLogo_1000x500-500x250.png 500w, https:\/\/naturalsciences.org\/calendar\/wp-content\/uploads\/2024\/08\/SocialAndExternalAds_Magic-and-Monsters_V2_NoLogo_1000x500-768x384.png 768w\" sizes=\"(max-width: 590px) 100vw, 590px\" \/><\/p>\n<\/div>\n<ul class=\"nav nav-pills\">\n<li class=\"nav-item\"><a class=\"nav-link\" href=\"https:\/\/naturalsciences.org\/calendar\/event\/adult-nights-magic-monsters\/\">Home<\/a><\/li>\n<li class=\"nav-item\"><a class=\"nav-link\" href=\"https:\/\/naturalsciences.org\/calendar\/adult-nights\/magic-monsters-activities\/\">Activities<\/a><\/li>\n<li class=\"nav-item\"><a class=\"nav-link\" href=\"https:\/\/naturalsciences.org\/calendar\/adult-nights\/magic-monsters-food-drink\/\">Food &amp; Drink<\/a><\/li>\n<li class=\"nav-item\"><a class=\"nav-link\" href=\"https:\/\/naturalsciences.org\/calendar\/adult-nights\/magic-monsters-directions\/\">Parking<\/a><\/li>\n<li class=\"nav-item\"><a class=\"nav-link active\" href=\"https:\/\/naturalsciences.org\/calendar\/adult-nights\/magic-monsters-accessibility\/\">Accessibility<\/a><\/li>\n<li class=\"nav-item\"><a class=\"nav-link\" href=\"https:\/\/naturalsciences.org\/calendar\/adult-nights\/magic-monsters-volunteer\/\">Volunteer<\/a><\/li>\n<\/ul>\n<h4>Friday, October 25, 2024<\/h4>\n<blockquote><p>6:30 pm-10:00 pm<\/p><\/blockquote>\n<p>The North Carolina Museum of Natural Sciences strives to provide a fun and friendly educational environment for everyone. Our goal is to make Adult Nights as accessible as possible, so that the greatest number of event guests can take advantage of everything the event has to offer.<\/p>\n<p><a lang=\"es\" href=\"https:\/\/naturalsciences.org\/calendar\/wp-content\/uploads\/2023\/01\/Accesibilidad-e-Inclusion-general-events.pdf\" target=\"_blank\" rel=\"noopener\">*Para leer esta informaci\u00f3n en espa\u00f1ol, haga clic aqu\u00ed.*<\/a><\/p>\n<hr \/>\n<h3>Venue: North Carolina Museum of Natural Sciences<\/h3>\n<p>All activities are indoors. Indoor activities will be located in the Nature Exploration Center (NEC).<\/p>\n<h3>Wheelchair Rentals<\/h3>\n<p>Courtesy manual wheelchair rentals will be available for sign out at the front desk.\u00a0 There is a limited supply of chairs.<\/p>\n<h3>Accessible Restrooms<\/h3>\n<p><img decoding=\"async\" loading=\"lazy\" class=\"alignleft wp-image-20474\" src=\"https:\/\/naturalsciences.org\/calendar\/wp-content\/uploads\/2017\/08\/Wheelchair-symbol.png\" alt=\"Wheelchair-symbol\" width=\"47\" height=\"54\" \/><\/p>\n<p>&nbsp;<\/p>\n<p>&nbsp;<\/p>\n<p>There are accessible restrooms located throughout the Nature Exploration Center (NRC).<\/p>\n<p><img decoding=\"async\" loading=\"lazy\" class=\"alignleft wp-image-20475\" src=\"https:\/\/naturalsciences.org\/calendar\/wp-content\/uploads\/2017\/08\/family-restroom-symbol.png\" alt=\"family restroom symbol\" width=\"53\" height=\"45\" \/><\/p>\n<p>&nbsp;<\/p>\n<p>A Single-Use Restroom is available for use on the 1st floor of the NEC by the emergency stairwell and diving pelican diorama.<\/p>\n<h3>Quiet Room<\/h3>\n<p><img decoding=\"async\" loading=\"lazy\" class=\"alignleft wp-image-20480\" src=\"https:\/\/naturalsciences.org\/calendar\/wp-content\/uploads\/2017\/08\/Quiet-Room-Symbol.gif\" alt=\"Quiet Room Symbol\" width=\"58\" height=\"57\" \/><\/p>\n<p>&nbsp;<\/p>\n<p>&nbsp;<\/p>\n<p>There will be a quiet room available on the 2nd floor of the NEC, located in the Nature&#8217;s Explorers hall. This room is intended to provide a quiet and calm environment where attendees can spend time away from the crowds and noise of the event.<\/p>\n<h3>Help us Improve Event Accessibility!<\/h3>\n<p>We want you to help us ensure that you have the best experience possible at our event. If you have any additional questions, suggestions, or concerns, please contact the Museum&#8217;s Coordinator of Accessibility and Inclusion, Samantha Frigerio at 919.707.9824 or emailing her at <a href=\"mailto:samantha.frigerio@naturalsciences.org\">samantha.frigerio@naturalsciences.org<\/a>.<\/p>\n","protected":false},"excerpt":{"rendered":"<p>Home Activities Food &amp; Drink Parking Accessibility Volunteer Friday, October 25, 2024 6:30 pm-10:00 pm The North Carolina Museum of Natural Sciences strives to provide a fun and friendly educational environment for everyone. Our goal is to make Adult Nights as accessible as possible, so that the greatest number of event guests can take advantage&#8230; <a class=\"read-more\" href=\"https:\/\/naturalsciences.org\/calendar\/magic-monsters-accessibility\/\">Read More ><\/a><\/p>\n","protected":false},"author":22,"featured_media":0,"parent":0,"menu_order":0,"comment_status":"closed","ping_status":"closed","template":"","meta":{"_links_to":"","_links_to_target":""},"acf":[],"_links":{"self":[{"href":"https:\/\/naturalsciences.org\/calendar\/wp-json\/wp\/v2\/pages\/102612"}],"collection":[{"href":"https:\/\/naturalsciences.org\/calendar\/wp-json\/wp\/v2\/pages"}],"about":[{"href":"https:\/\/naturalsciences.org\/calendar\/wp-json\/wp\/v2\/types\/page"}],"author":[{"embeddable":true,"href":"https:\/\/naturalsciences.org\/calendar\/wp-json\/wp\/v2\/users\/22"}],"replies":[{"embeddable":true,"href":"https:\/\/naturalsciences.org\/calendar\/wp-json\/wp\/v2\/comments?post=102612"}],"version-history":[{"count":0,"href":"https:\/\/naturalsciences.org\/calendar\/wp-json\/wp\/v2\/pages\/102612\/revisions"}],"wp:attachment":[{"href":"https:\/\/naturalsciences.org\/calendar\/wp-json\/wp\/v2\/media?parent=102612"}],"curies":[{"name":"wp","href":"https:\/\/api.w.org\/{rel}","templated":true}]}}