{"id":101797,"date":"2024-07-16T16:29:52","date_gmt":"2024-07-16T20:29:52","guid":{"rendered":"https:\/\/naturalsciences.org\/calendar\/?page_id=101797"},"modified":"2024-07-25T16:55:06","modified_gmt":"2024-07-25T20:55:06","slug":"presentations-dia-de-la-ciencia-y-cultura","status":"publish","type":"page","link":"https:\/\/naturalsciences.org\/calendar\/presentations-dia-de-la-ciencia-y-cultura\/","title":{"rendered":"Presentations &#8211; Dia de la Ciencia y Cultura"},"content":{"rendered":"<h3><a href=\"https:\/\/naturalsciences.org\/calendar\/event\/dia-de-la-ciencia-y-la-cultura\/\">D\u00eda de la Ciencia y la Cultura<\/a><\/h3>\n<h4><a href=\"https:\/\/naturalsciences.org\/calendar\/exhibits-activities-dia-de-la-ciencia-y-la-cultura\/\">Exhibiciones y Actividades<\/a> | <a href=\"https:\/\/naturalsciences.org\/calendar\/exhibits-activities-dia-de-la-ciencia-y-la-cultura\/#english\">Exhibits &amp; Activities<\/a><\/h4>\n<hr \/>\n<p><strong><a href=\"#spanish\">Presentaciones<\/a><\/strong> | <strong><a href=\"#english\">Presentations<\/a><\/strong><\/p>\n<div id=\"spanish\" lang=\"es\">\n<h1>Presentaciones<\/h1>\n<h2>NATURE EXPLORATION CENTER<\/h2>\n<h4>10:45\u201311am \u2014 <strong>Bienvenida<\/strong><\/h4>\n<p>Con comentarios de NCMNS, el Consulado General de M\u00e9xico y la Red Global MX Cap\u00edtulo Raleigh, con una presentaci\u00f3n de Takiri Folclor Latino.<\/p>\n<p><img decoding=\"async\" class=\"img-responsive\" src=\"https:\/\/naturalsciences.org\/calendar\/wp-content\/uploads\/2024\/07\/WalkinwithDinos-1024x527.jpg\" alt=\"A young Triceratops stands on a hill against a blue sky with white clouds.\" \/><\/p>\n<h3>WRAL 3D THEATER<\/h3>\n<h4>11am \u2014 Caminando entre Dinosaurios 3D<\/h4>\n<p>Emb\u00e1rcate en un emocionante viaje de regreso a Alaska durante el per\u00edodo Cret\u00e1cico, hace 70 millones de a\u00f1os. Experimenta un a\u00f1o en la vida de los dinosaurios, desde la primavera cuando nacen las cr\u00edas, hasta los peligros de los depredadores en el verano, la migraci\u00f3n en el oto\u00f1o y la lucha por sobrevivir en el invierno. Con impresionantes efectos visuales CGI, esta pel\u00edcula revela la constante batalla de los dinosaurios por sobrevivir en un mundo prehist\u00f3rico lleno de desaf\u00edos.<br \/>\n<em>Entrada gratuita. Espa\u00f1ol (PG)<\/em><\/p>\n<h3>WINDOWS ON THE WORLD<\/h3>\n<h4>Noon\u201312:30pm \u2014 <strong>La Magia del Magnetismo <\/strong><\/h4>\n<p><strong>Gerardo Santoyo,<\/strong>\u00a0 <em>Maracas Montessori<br \/>\n<\/em>Descubre el fen\u00f3meno del magnetismo de una manera divertida.<br \/>\n<em>Para mayores de 8 a\u00f1os<br \/>\n<\/em><\/p>\n<h3>BICENTENNIAL PLAZA<\/h3>\n<h4>1\u20131:15pm \u2014 <strong>Exhibici\u00f3n de Danza <\/strong><\/h4>\n<p><strong>Takiri Folclor Latino<\/strong><\/p>\n<h3>WINDOWS ON THE WORLD<\/h3>\n<h4>2\u20132:30pm \u2014 <strong>Las Serpientes de Carolina del Norte <\/strong><\/h4>\n<p><strong>Karen Medina\u2013Jauregui,<\/strong> <em>Curator, Living Conservatory, NCMNS<\/em><br \/>\nDisfruta de una introducci\u00f3n a las serpientes venenosas y no venenosas de Carolina del Norte, incluidos sus h\u00e1bitats y dietas. Descubre qu\u00e9 tipos de serpientes podr\u00edas encontrar en tu jard\u00edn y qu\u00e9 hacer en ese caso.<br \/>\n<em>Para mayores de 8 a\u00f1os<\/em><\/p>\n<h3>WINDOWS ON THE WORLD<\/h3>\n<h4>3\u20133:30pm \u2014 <strong>Realidad Virtual: Llevando el Mundo a tus Manos<\/strong><\/h4>\n<p><strong>Dr. Ivonne Chirino-Klevans,\u00a0<\/strong><em>University of North Carolina at Chapel Hill<\/em><br \/>\nLa realidad virtual es una herramienta que trae experiencias a diferentes audiencias, haciendo posible descubrir lugares y experiencias a los que no todos tienen acceso.<\/p>\n<h3>WINDOWS ON THE WORLD<\/h3>\n<h4>4\u20134:30pm \u2014 <b>Nicaragua: Caf\u00e9 sostenible, ecoturismo y gesti\u00f3n de la fauna salvaje<\/b><\/h4>\n<p><strong>John Gerwin,<\/strong>\u00a0<em>Research Curator, Ornithology, NCMNS<\/em><br \/>\nGerwin describe sus viajes realizados con colegas para ayudar a desarrollar el ecoturismo, realizar estudios de aves y manejo de vida silvestre en fincas de caf\u00e9 sostenibles en Nicaragua.<br \/>\n<em>Para mayores de 8 a\u00f1os<\/em><\/p>\n<h3>BICENTENNIAL PLAZA<\/h3>\n<h4>4:45\u20135pm \u2014 <strong>Exhibici\u00f3n de Danza <\/strong><\/h4>\n<p><strong>Takiri Folclor Latino<\/strong><\/p>\n<\/div>\n<hr \/>\n<div id=\"english\" lang=\"en\">\n<h1>Presentations<\/h1>\n<p><img decoding=\"async\" class=\"img-responsive\" src=\"https:\/\/naturalsciences.org\/calendar\/wp-content\/uploads\/2024\/07\/MicrosoftTeams-image-7_800w-2.jpg\" alt=\"Dancers dressed in traditional costume from Takiri Folclor Latino.\" \/><\/p>\n<h2>NATURE EXPLORATION CENTER<\/h2>\n<h4>10:45\u201311am \u2014 Welcome<\/h4>\n<p>Featuring remarks by <abbr title=\"North Carolina Museum of Natural Sciences\">NCMNS<\/abbr>, Consulate General of Mexico and Red Global MX Chapter Raleigh with a performance by Takiri Folclor Latino.<\/p>\n<h3>WRAL 3D THEATER<\/h3>\n<h4>11am \u2014 Walking with Dinosaurs 3D<\/h4>\n<p>Embark on an exciting journey back to Alaska during the Cretaceous period, 70 million years ago. Experience a year in the life of dinosaurs, from the spring when hatchlings emerge, to the dangers of predators in the summer, migration in the fall and the struggle to survive the winter. With stunning CGI visuals, this film reveals the constant battle of dinosaurs to survive in a prehistoric world full of challenges.<br \/>\n<em>Free Admission. Spanish (PG)<\/em><\/p>\n<h3>WINDOWS ON THE WORLD<\/h3>\n<h4>Noon\u201312:30pm \u2014 The Magic of Magnetism<\/h4>\n<p><strong>Gerardo Santoyo,<\/strong>\u00a0 <em>Maracas Montessori<\/em><\/p>\n<p>Discover the phenomenon of magnetism in an entertaining way.<br \/>\n<em>Ages 8 and up<\/em><\/p>\n<h3>BICENTENNIAL PLAZA<\/h3>\n<h4>1\u20131:15pm \u2014 Dance Exhibition<\/h4>\n<p><strong>Takiri Folclor Latino<\/strong><\/p>\n<h3>WINDOWS ON THE WORLD<\/h3>\n<h4>2\u20132:30pm \u2014 The Snakes of North Carolina<\/h4>\n<p><strong>Karen Medina\u2013Jauregui,<\/strong> <em>Curator, Living Conservatory, NCMNS<\/em><br \/>\nEnjoy an introduction to venomous and non-venomous snakes of North Carolina, including their habitats and diets. Discover what kinds of snakes you might find in your garden and what to do if you encounter them.<br \/>\n<em>Ages 8 and up<\/em><\/p>\n<h3>WINDOWS ON THE WORLD<\/h3>\n<h4>3\u20133:30pm \u2014 Virtual Reality: Bringing the world to your fingertips<\/h4>\n<p><strong>Dr. Ivonne Chirino-Klevans,\u00a0<\/strong><em>University of North Carolina at Chapel Hill<\/em><br \/>\nVirtual reality is a tool that brings experiences to different audiences, making it possible to discover places and experiences that not everyone has access to.<\/p>\n<h3>WINDOWS ON THE WORLD<\/h3>\n<h4>4\u20134:30pm \u2014 <b>Nicaragua: Sustainable coffee, ecotourism and wildlife management<\/b><\/h4>\n<p><strong>John Gerwin,<\/strong>\u00a0<em>Research Curator, Ornithology, NCMNS<\/em><br \/>\nGerwin describes his previous trips with colleagues to help develop ecotourism, and conduct bird studies and wildlife management on sustainable coffee farms in Nicaragua.<br \/>\n<em>Ages 8 and up<\/em><\/p>\n<h3>BICENTENNIAL PLAZA<\/h3>\n<h4>4:45\u20135pm \u2014 Dance Exhibition<\/h4>\n<p><strong>Takiri Folclor Latino<\/strong><\/p>\n<\/div>\n","protected":false},"excerpt":{"rendered":"<p>D\u00eda de la Ciencia y la Cultura Exhibiciones y Actividades | Exhibits &amp; Activities Presentaciones | Presentations Presentaciones NATURE EXPLORATION CENTER 10:45\u201311am \u2014 Bienvenida Con comentarios de NCMNS, el Consulado General de M\u00e9xico y la Red Global MX Cap\u00edtulo Raleigh, con una presentaci\u00f3n de Takiri Folclor Latino. WRAL 3D THEATER 11am \u2014 Caminando entre Dinosaurios&#8230; <a class=\"read-more\" href=\"https:\/\/naturalsciences.org\/calendar\/presentations-dia-de-la-ciencia-y-cultura\/\">Read More ><\/a><\/p>\n","protected":false},"author":5,"featured_media":0,"parent":0,"menu_order":0,"comment_status":"closed","ping_status":"closed","template":"single-template.php","meta":{"_links_to":"","_links_to_target":""},"acf":[],"_links":{"self":[{"href":"https:\/\/naturalsciences.org\/calendar\/wp-json\/wp\/v2\/pages\/101797"}],"collection":[{"href":"https:\/\/naturalsciences.org\/calendar\/wp-json\/wp\/v2\/pages"}],"about":[{"href":"https:\/\/naturalsciences.org\/calendar\/wp-json\/wp\/v2\/types\/page"}],"author":[{"embeddable":true,"href":"https:\/\/naturalsciences.org\/calendar\/wp-json\/wp\/v2\/users\/5"}],"replies":[{"embeddable":true,"href":"https:\/\/naturalsciences.org\/calendar\/wp-json\/wp\/v2\/comments?post=101797"}],"version-history":[{"count":0,"href":"https:\/\/naturalsciences.org\/calendar\/wp-json\/wp\/v2\/pages\/101797\/revisions"}],"wp:attachment":[{"href":"https:\/\/naturalsciences.org\/calendar\/wp-json\/wp\/v2\/media?parent=101797"}],"curies":[{"name":"wp","href":"https:\/\/api.w.org\/{rel}","templated":true}]}}